{"id":1631,"date":"2022-09-19T21:56:58","date_gmt":"2022-09-19T21:56:58","guid":{"rendered":"https:\/\/planeta.us.edu.pl\/?page_id=1631"},"modified":"2022-10-16T20:51:22","modified_gmt":"2022-10-16T20:51:22","slug":"diy-anaerobic-chamber","status":"publish","type":"page","link":"https:\/\/planeta.us.edu.pl\/index.php\/diy-anaerobic-chamber\/","title":{"rendered":"DIY Anaerobic Chamber"},"content":{"rendered":"\t\t<div data-elementor-type=\"wp-page\" data-elementor-id=\"1631\" class=\"elementor elementor-1631\">\n\t\t\t\t\t\t\t\t\t<section class=\"elementor-section elementor-top-section elementor-element elementor-element-h4zl5y2 elementor-section-content-middle elementor-section-boxed elementor-section-height-default elementor-section-height-default\" data-id=\"h4zl5y2\" data-element_type=\"section\" data-settings=\"{&quot;background_background&quot;:&quot;classic&quot;}\">\n\t\t\t\t\t\t\t<div class=\"elementor-background-overlay\"><\/div>\n\t\t\t\t\t\t\t<div class=\"elementor-container elementor-column-gap-no\">\n\t\t\t\t\t<div class=\"elementor-column elementor-col-50 elementor-top-column elementor-element elementor-element-5fcceb3\" data-id=\"5fcceb3\" data-element_type=\"column\">\n\t\t\t<div class=\"elementor-widget-wrap elementor-element-populated\">\n\t\t\t\t\t\t\t\t<div class=\"elementor-element elementor-element-1726a4d elementor-widget elementor-widget-image\" data-id=\"1726a4d\" data-element_type=\"widget\" data-widget_type=\"image.default\">\n\t\t\t\t<div class=\"elementor-widget-container\">\n\t\t\t<style>\/*! elementor - v3.7.6 - 15-09-2022 *\/\n.elementor-widget-image{text-align:center}.elementor-widget-image a{display:inline-block}.elementor-widget-image a img[src$=\".svg\"]{width:48px}.elementor-widget-image img{vertical-align:middle;display:inline-block}<\/style>\t\t\t\t\t\t\t\t\t\t\t\t<img loading=\"lazy\" decoding=\"async\" width=\"1536\" height=\"1152\" src=\"https:\/\/planeta.us.edu.pl\/wp-content\/uploads\/2022\/10\/komora-1536x1152.jpg\" class=\"attachment-1536x1536 size-1536x1536\" alt=\"\" srcset=\"https:\/\/planeta.us.edu.pl\/wp-content\/uploads\/2022\/10\/komora-1536x1152.jpg 1536w, https:\/\/planeta.us.edu.pl\/wp-content\/uploads\/2022\/10\/komora-300x225.jpg 300w, https:\/\/planeta.us.edu.pl\/wp-content\/uploads\/2022\/10\/komora-1024x768.jpg 1024w, https:\/\/planeta.us.edu.pl\/wp-content\/uploads\/2022\/10\/komora-768x576.jpg 768w, https:\/\/planeta.us.edu.pl\/wp-content\/uploads\/2022\/10\/komora-2048x1536.jpg 2048w\" sizes=\"auto, (max-width: 1536px) 100vw, 1536px\" \/>\t\t\t\t\t\t\t\t\t\t\t\t\t\t\t<\/div>\n\t\t\t\t<\/div>\n\t\t\t\t\t<\/div>\n\t\t<\/div>\n\t\t\t\t<div class=\"elementor-column elementor-col-50 elementor-top-column elementor-element elementor-element-04229e9\" data-id=\"04229e9\" data-element_type=\"column\">\n\t\t\t<div class=\"elementor-widget-wrap elementor-element-populated\">\n\t\t\t\t\t\t\t\t<div class=\"elementor-element elementor-element-bdb5955 elementor-widget elementor-widget-heading\" data-id=\"bdb5955\" data-element_type=\"widget\" data-widget_type=\"heading.default\">\n\t\t\t\t<div class=\"elementor-widget-container\">\n\t\t\t<style>\/*! elementor - v3.7.6 - 15-09-2022 *\/\n.elementor-heading-title{padding:0;margin:0;line-height:1}.elementor-widget-heading .elementor-heading-title[class*=elementor-size-]>a{color:inherit;font-size:inherit;line-height:inherit}.elementor-widget-heading .elementor-heading-title.elementor-size-small{font-size:15px}.elementor-widget-heading .elementor-heading-title.elementor-size-medium{font-size:19px}.elementor-widget-heading .elementor-heading-title.elementor-size-large{font-size:29px}.elementor-widget-heading .elementor-heading-title.elementor-size-xl{font-size:39px}.elementor-widget-heading .elementor-heading-title.elementor-size-xxl{font-size:59px}<\/style><h2 class=\"elementor-heading-title elementor-size-default\">DIY Vinyl Anaerobic Chamber<\/h2>\t\t<\/div>\n\t\t\t\t<\/div>\n\t\t\t\t<div class=\"elementor-element elementor-element-b1bbbe1 elementor-widget elementor-widget-text-editor\" data-id=\"b1bbbe1\" data-element_type=\"widget\" data-widget_type=\"text-editor.default\">\n\t\t\t\t<div class=\"elementor-widget-container\">\n\t\t\t<style>\/*! elementor - v3.7.6 - 15-09-2022 *\/\n.elementor-widget-text-editor.elementor-drop-cap-view-stacked .elementor-drop-cap{background-color:#818a91;color:#fff}.elementor-widget-text-editor.elementor-drop-cap-view-framed .elementor-drop-cap{color:#818a91;border:3px solid;background-color:transparent}.elementor-widget-text-editor:not(.elementor-drop-cap-view-default) .elementor-drop-cap{margin-top:8px}.elementor-widget-text-editor:not(.elementor-drop-cap-view-default) .elementor-drop-cap-letter{width:1em;height:1em}.elementor-widget-text-editor .elementor-drop-cap{float:left;text-align:center;line-height:1;font-size:50px}.elementor-widget-text-editor .elementor-drop-cap-letter{display:inline-block}<\/style>\t\t\t\t<p>Projekt zak\u0142ada zaprojektowanie i zbudowanie komory beztlenowej do hodowli mikroorganizm\u00f3w w warunkach beztlenowych. Pozwoli ona na poszerzenie zakresu bada\u0144 bioremediacyjnych oraz rozpocz\u0119cie bada\u0144 astrobiologicznych.\u00a0<\/p><p>Jest to pierwszy projekt z cyklu projekt\u00f3w astrobiologicznych.<\/p><p>Projekt budowy niebawem zostanie zako\u0144czony.<\/p><p>Zdj\u0119cia i szczeg\u00f3\u0142y dotycz\u0105ce przebiegu projektu i udost\u0119pniona instrukcja zostan\u0105 opublikowane po zako\u0144czeniu projektu.<\/p><p>Rozpocz\u0119cie projektu: 15 sierpnia 2022<\/p><p>Zesp\u00f3\u0142:\u00a0<\/p><p><strong>Agnieszka Bylina &#8211; koordynator\u00a0<\/strong><\/p><p><strong>dr Piotr Siupka<\/strong><\/p><p><strong>Wojciech Szewczyk<\/strong><\/p><p><strong>Piotr Bylina<\/strong><\/p>\t\t\t\t\t\t<\/div>\n\t\t\t\t<\/div>\n\t\t\t\t\t<\/div>\n\t\t<\/div>\n\t\t\t\t\t\t\t<\/div>\n\t\t<\/section>\n\t\t\t\t\t\t\t<\/div>\n\t\t","protected":false},"excerpt":{"rendered":"<p>DIY Vinyl Anaerobic Chamber Projekt zak\u0142ada zaprojektowanie i zbudowanie komory beztlenowej do hodowli mikroorganizm\u00f3w w warunkach beztlenowych. Pozwoli ona na poszerzenie zakresu bada\u0144 bioremediacyjnych oraz rozpocz\u0119cie bada\u0144 astrobiologicznych.\u00a0 Jest to pierwszy projekt z cyklu projekt\u00f3w astrobiologicznych. Projekt budowy niebawem zostanie zako\u0144czony. Zdj\u0119cia i szczeg\u00f3\u0142y dotycz\u0105ce przebiegu projektu i udost\u0119pniona instrukcja zostan\u0105 opublikowane po zako\u0144czeniu projektu. &hellip;<\/p>\n<p class=\"read-more\"> <a class=\"\" href=\"https:\/\/planeta.us.edu.pl\/index.php\/diy-anaerobic-chamber\/\"> <span class=\"screen-reader-text\">DIY Anaerobic Chamber<\/span> Read More &raquo;<\/a><\/p>\n","protected":false},"author":1,"featured_media":0,"parent":0,"menu_order":0,"comment_status":"closed","ping_status":"closed","template":"","meta":{"site-sidebar-layout":"no-sidebar","site-content-layout":"page-builder","ast-global-header-display":"","ast-main-header-display":"","ast-hfb-above-header-display":"","ast-hfb-below-header-display":"","ast-hfb-mobile-header-display":"","site-post-title":"disabled","ast-breadcrumbs-content":"","ast-featured-img":"disabled","footer-sml-layout":"","theme-transparent-header-meta":"","adv-header-id-meta":"","stick-header-meta":"","header-above-stick-meta":"","header-main-stick-meta":"","header-below-stick-meta":"","footnotes":""},"class_list":["post-1631","page","type-page","status-publish","hentry"],"_links":{"self":[{"href":"https:\/\/planeta.us.edu.pl\/index.php\/wp-json\/wp\/v2\/pages\/1631","targetHints":{"allow":["GET"]}}],"collection":[{"href":"https:\/\/planeta.us.edu.pl\/index.php\/wp-json\/wp\/v2\/pages"}],"about":[{"href":"https:\/\/planeta.us.edu.pl\/index.php\/wp-json\/wp\/v2\/types\/page"}],"author":[{"embeddable":true,"href":"https:\/\/planeta.us.edu.pl\/index.php\/wp-json\/wp\/v2\/users\/1"}],"replies":[{"embeddable":true,"href":"https:\/\/planeta.us.edu.pl\/index.php\/wp-json\/wp\/v2\/comments?post=1631"}],"version-history":[{"count":19,"href":"https:\/\/planeta.us.edu.pl\/index.php\/wp-json\/wp\/v2\/pages\/1631\/revisions"}],"predecessor-version":[{"id":2412,"href":"https:\/\/planeta.us.edu.pl\/index.php\/wp-json\/wp\/v2\/pages\/1631\/revisions\/2412"}],"wp:attachment":[{"href":"https:\/\/planeta.us.edu.pl\/index.php\/wp-json\/wp\/v2\/media?parent=1631"}],"curies":[{"name":"wp","href":"https:\/\/api.w.org\/{rel}","templated":true}]}}