{"id":1676,"date":"2022-09-19T22:19:31","date_gmt":"2022-09-19T22:19:31","guid":{"rendered":"https:\/\/planeta.us.edu.pl\/?page_id=1676"},"modified":"2023-05-18T18:12:47","modified_gmt":"2023-05-18T18:12:47","slug":"wyziewy-z-plonacych-hald","status":"publish","type":"page","link":"https:\/\/planeta.us.edu.pl\/index.php\/wyziewy-z-plonacych-hald\/","title":{"rendered":"Wyziewy z p\u0142on\u0105cych ha\u0142d"},"content":{"rendered":"\t\t<div data-elementor-type=\"wp-page\" data-elementor-id=\"1676\" class=\"elementor elementor-1676\">\n\t\t\t\t\t\t\t\t\t<section class=\"elementor-section elementor-top-section elementor-element elementor-element-20974ea elementor-section-content-middle elementor-section-boxed elementor-section-height-default elementor-section-height-default\" data-id=\"20974ea\" data-element_type=\"section\" data-settings=\"{&quot;background_background&quot;:&quot;classic&quot;}\">\n\t\t\t\t\t\t\t<div class=\"elementor-background-overlay\"><\/div>\n\t\t\t\t\t\t\t<div class=\"elementor-container elementor-column-gap-no\">\n\t\t\t\t\t<div class=\"elementor-column elementor-col-50 elementor-top-column elementor-element elementor-element-4bc484b\" data-id=\"4bc484b\" data-element_type=\"column\">\n\t\t\t<div class=\"elementor-widget-wrap elementor-element-populated\">\n\t\t\t\t\t\t\t\t<div class=\"elementor-element elementor-element-c829714 elementor-widget elementor-widget-image\" data-id=\"c829714\" data-element_type=\"widget\" data-widget_type=\"image.default\">\n\t\t\t\t<div class=\"elementor-widget-container\">\n\t\t\t<style>\/*! elementor - v3.7.6 - 15-09-2022 *\/\n.elementor-widget-image{text-align:center}.elementor-widget-image a{display:inline-block}.elementor-widget-image a img[src$=\".svg\"]{width:48px}.elementor-widget-image img{vertical-align:middle;display:inline-block}<\/style>\t\t\t\t\t\t\t\t\t\t\t\t<img loading=\"lazy\" decoding=\"async\" width=\"893\" height=\"670\" src=\"https:\/\/planeta.us.edu.pl\/wp-content\/uploads\/2022\/09\/haldy-fot-piotr-siupka.jpg\" class=\"attachment-full size-full\" alt=\"\" srcset=\"https:\/\/planeta.us.edu.pl\/wp-content\/uploads\/2022\/09\/haldy-fot-piotr-siupka.jpg 893w, https:\/\/planeta.us.edu.pl\/wp-content\/uploads\/2022\/09\/haldy-fot-piotr-siupka-300x225.jpg 300w, https:\/\/planeta.us.edu.pl\/wp-content\/uploads\/2022\/09\/haldy-fot-piotr-siupka-768x576.jpg 768w\" sizes=\"auto, (max-width: 893px) 100vw, 893px\" \/>\t\t\t\t\t\t\t\t\t\t\t\t\t\t\t<\/div>\n\t\t\t\t<\/div>\n\t\t\t\t\t<\/div>\n\t\t<\/div>\n\t\t\t\t<div class=\"elementor-column elementor-col-50 elementor-top-column elementor-element elementor-element-1567452\" data-id=\"1567452\" data-element_type=\"column\">\n\t\t\t<div class=\"elementor-widget-wrap elementor-element-populated\">\n\t\t\t\t\t\t\t\t<div class=\"elementor-element elementor-element-276c7ff elementor-widget elementor-widget-heading\" data-id=\"276c7ff\" data-element_type=\"widget\" data-widget_type=\"heading.default\">\n\t\t\t\t<div class=\"elementor-widget-container\">\n\t\t\t<style>\/*! elementor - v3.7.6 - 15-09-2022 *\/\n.elementor-heading-title{padding:0;margin:0;line-height:1}.elementor-widget-heading .elementor-heading-title[class*=elementor-size-]>a{color:inherit;font-size:inherit;line-height:inherit}.elementor-widget-heading .elementor-heading-title.elementor-size-small{font-size:15px}.elementor-widget-heading .elementor-heading-title.elementor-size-medium{font-size:19px}.elementor-widget-heading .elementor-heading-title.elementor-size-large{font-size:29px}.elementor-widget-heading .elementor-heading-title.elementor-size-xl{font-size:39px}.elementor-widget-heading .elementor-heading-title.elementor-size-xxl{font-size:59px}<\/style><h2 class=\"elementor-heading-title elementor-size-default\">Wyziewy z ha\u0142d<\/h2>\t\t<\/div>\n\t\t\t\t<\/div>\n\t\t\t\t<div class=\"elementor-element elementor-element-91028d4 elementor-widget elementor-widget-text-editor\" data-id=\"91028d4\" data-element_type=\"widget\" data-widget_type=\"text-editor.default\">\n\t\t\t\t<div class=\"elementor-widget-container\">\n\t\t\t<style>\/*! elementor - v3.7.6 - 15-09-2022 *\/\n.elementor-widget-text-editor.elementor-drop-cap-view-stacked .elementor-drop-cap{background-color:#818a91;color:#fff}.elementor-widget-text-editor.elementor-drop-cap-view-framed .elementor-drop-cap{color:#818a91;border:3px solid;background-color:transparent}.elementor-widget-text-editor:not(.elementor-drop-cap-view-default) .elementor-drop-cap{margin-top:8px}.elementor-widget-text-editor:not(.elementor-drop-cap-view-default) .elementor-drop-cap-letter{width:1em;height:1em}.elementor-widget-text-editor .elementor-drop-cap{float:left;text-align:center;line-height:1;font-size:50px}.elementor-widget-text-editor .elementor-drop-cap-letter{display:inline-block}<\/style>\t\t\t\t<p><strong>Mikrobiologiczna i fizyko-chemiczna analiza wyziew\u00f3w p\u0142on\u0105cych ha\u0142d pog\u00f3rniczych na terenie G\u00f3rno\u015bl\u0105skiego Zag\u0142\u0119bia W\u0119glowego<\/strong><\/p>\n<p>Planowane rozpocz\u0119cie projektu: 15 pa\u017adziernika 2022<\/p>\n<p>Zak\u0142adany czas realizacji: do 15 pa\u017adziernika 2023<\/p>\n<p><\/p>\n<p>Zesp\u00f3\u0142:&nbsp;<\/p>\n<p><strong>Agnieszka Bylina &#8211; koordynator&nbsp;<\/strong><\/p><p><strong>Katarzyna Bloch<\/strong><\/p>\n<p><strong>Natalia Szkaradek<\/strong><\/p>\n<p><strong>Szymon B\u0142achowiak<\/strong><\/p>\n<p><strong>Julia Grabowska<\/strong><\/p>\n<p><\/p>\n<p>Opiekun naukowy projektu: dr Piotr Siupka<\/p>\t\t\t\t\t\t<\/div>\n\t\t\t\t<\/div>\n\t\t\t\t\t<\/div>\n\t\t<\/div>\n\t\t\t\t\t\t\t<\/div>\n\t\t<\/section>\n\t\t\t\t<section class=\"elementor-section elementor-top-section elementor-element elementor-element-4cc3373 elementor-section-boxed elementor-section-height-default elementor-section-height-default\" data-id=\"4cc3373\" data-element_type=\"section\">\n\t\t\t\t\t\t<div class=\"elementor-container elementor-column-gap-default\">\n\t\t\t\t\t<div class=\"elementor-column elementor-col-50 elementor-top-column elementor-element elementor-element-a7a3b06\" data-id=\"a7a3b06\" data-element_type=\"column\">\n\t\t\t<div class=\"elementor-widget-wrap elementor-element-populated\">\n\t\t\t\t\t\t\t\t<div class=\"elementor-element elementor-element-d3804a6 elementor-widget elementor-widget-image\" data-id=\"d3804a6\" data-element_type=\"widget\" data-widget_type=\"image.default\">\n\t\t\t\t<div class=\"elementor-widget-container\">\n\t\t\t\t\t\t\t\t\t\t\t\t\t\t\t<img loading=\"lazy\" decoding=\"async\" width=\"1024\" height=\"1024\" src=\"https:\/\/planeta.us.edu.pl\/wp-content\/uploads\/2022\/10\/IMG20221014090021-01-1024x1024.jpeg\" class=\"attachment-large size-large\" alt=\"\" srcset=\"https:\/\/planeta.us.edu.pl\/wp-content\/uploads\/2022\/10\/IMG20221014090021-01-1024x1024.jpeg 1024w, https:\/\/planeta.us.edu.pl\/wp-content\/uploads\/2022\/10\/IMG20221014090021-01-300x300.jpeg 300w, https:\/\/planeta.us.edu.pl\/wp-content\/uploads\/2022\/10\/IMG20221014090021-01-150x150.jpeg 150w, https:\/\/planeta.us.edu.pl\/wp-content\/uploads\/2022\/10\/IMG20221014090021-01-768x768.jpeg 768w, https:\/\/planeta.us.edu.pl\/wp-content\/uploads\/2022\/10\/IMG20221014090021-01-1536x1536.jpeg 1536w, https:\/\/planeta.us.edu.pl\/wp-content\/uploads\/2022\/10\/IMG20221014090021-01-2048x2048.jpeg 2048w\" sizes=\"auto, (max-width: 1024px) 100vw, 1024px\" \/>\t\t\t\t\t\t\t\t\t\t\t\t\t\t\t<\/div>\n\t\t\t\t<\/div>\n\t\t\t\t\t<\/div>\n\t\t<\/div>\n\t\t\t\t<div class=\"elementor-column elementor-col-50 elementor-top-column elementor-element elementor-element-bd52d86\" data-id=\"bd52d86\" data-element_type=\"column\">\n\t\t\t<div class=\"elementor-widget-wrap\">\n\t\t\t\t\t\t\t\t\t<\/div>\n\t\t<\/div>\n\t\t\t\t\t\t\t<\/div>\n\t\t<\/section>\n\t\t\t\t\t\t\t<\/div>\n\t\t","protected":false},"excerpt":{"rendered":"<p>Wyziewy z ha\u0142d Mikrobiologiczna i fizyko-chemiczna analiza wyziew\u00f3w p\u0142on\u0105cych ha\u0142d pog\u00f3rniczych na terenie G\u00f3rno\u015bl\u0105skiego Zag\u0142\u0119bia W\u0119glowego Planowane rozpocz\u0119cie projektu: 15 pa\u017adziernika 2022 Zak\u0142adany czas realizacji: do 15 pa\u017adziernika 2023 Zesp\u00f3\u0142:&nbsp; Agnieszka Bylina &#8211; koordynator&nbsp; Katarzyna Bloch Natalia Szkaradek Szymon B\u0142achowiak Julia Grabowska Opiekun naukowy projektu: dr Piotr Siupka<\/p>\n","protected":false},"author":1,"featured_media":0,"parent":0,"menu_order":0,"comment_status":"closed","ping_status":"closed","template":"","meta":{"site-sidebar-layout":"no-sidebar","site-content-layout":"page-builder","ast-global-header-display":"","ast-main-header-display":"","ast-hfb-above-header-display":"","ast-hfb-below-header-display":"","ast-hfb-mobile-header-display":"","site-post-title":"disabled","ast-breadcrumbs-content":"","ast-featured-img":"disabled","footer-sml-layout":"","theme-transparent-header-meta":"","adv-header-id-meta":"","stick-header-meta":"","header-above-stick-meta":"","header-main-stick-meta":"","header-below-stick-meta":"","footnotes":""},"class_list":["post-1676","page","type-page","status-publish","hentry"],"_links":{"self":[{"href":"https:\/\/planeta.us.edu.pl\/index.php\/wp-json\/wp\/v2\/pages\/1676","targetHints":{"allow":["GET"]}}],"collection":[{"href":"https:\/\/planeta.us.edu.pl\/index.php\/wp-json\/wp\/v2\/pages"}],"about":[{"href":"https:\/\/planeta.us.edu.pl\/index.php\/wp-json\/wp\/v2\/types\/page"}],"author":[{"embeddable":true,"href":"https:\/\/planeta.us.edu.pl\/index.php\/wp-json\/wp\/v2\/users\/1"}],"replies":[{"embeddable":true,"href":"https:\/\/planeta.us.edu.pl\/index.php\/wp-json\/wp\/v2\/comments?post=1676"}],"version-history":[{"count":16,"href":"https:\/\/planeta.us.edu.pl\/index.php\/wp-json\/wp\/v2\/pages\/1676\/revisions"}],"predecessor-version":[{"id":2703,"href":"https:\/\/planeta.us.edu.pl\/index.php\/wp-json\/wp\/v2\/pages\/1676\/revisions\/2703"}],"wp:attachment":[{"href":"https:\/\/planeta.us.edu.pl\/index.php\/wp-json\/wp\/v2\/media?parent=1676"}],"curies":[{"name":"wp","href":"https:\/\/api.w.org\/{rel}","templated":true}]}}