{"id":1681,"date":"2022-09-19T22:20:18","date_gmt":"2022-09-19T22:20:18","guid":{"rendered":"https:\/\/planeta.us.edu.pl\/?page_id=1681"},"modified":"2022-10-19T10:11:13","modified_gmt":"2022-10-19T10:11:13","slug":"astrobiologia","status":"publish","type":"page","link":"https:\/\/planeta.us.edu.pl\/index.php\/astrobiologia\/","title":{"rendered":"Astrobiologia"},"content":{"rendered":"\t\t<div data-elementor-type=\"wp-page\" data-elementor-id=\"1681\" class=\"elementor elementor-1681\">\n\t\t\t\t\t\t\t\t\t<section class=\"elementor-section elementor-top-section elementor-element elementor-element-371a2b5 elementor-section-content-middle elementor-section-boxed elementor-section-height-default elementor-section-height-default\" data-id=\"371a2b5\" data-element_type=\"section\" data-settings=\"{&quot;background_background&quot;:&quot;classic&quot;}\">\n\t\t\t\t\t\t\t<div class=\"elementor-background-overlay\"><\/div>\n\t\t\t\t\t\t\t<div class=\"elementor-container elementor-column-gap-no\">\n\t\t\t\t\t<div class=\"elementor-column elementor-col-50 elementor-top-column elementor-element elementor-element-5bbba07\" data-id=\"5bbba07\" data-element_type=\"column\">\n\t\t\t<div class=\"elementor-widget-wrap elementor-element-populated\">\n\t\t\t\t\t\t\t\t<div class=\"elementor-element elementor-element-868095d elementor-widget elementor-widget-image\" data-id=\"868095d\" data-element_type=\"widget\" data-widget_type=\"image.default\">\n\t\t\t\t<div class=\"elementor-widget-container\">\n\t\t\t<style>\/*! elementor - v3.7.6 - 15-09-2022 *\/\n.elementor-widget-image{text-align:center}.elementor-widget-image a{display:inline-block}.elementor-widget-image a img[src$=\".svg\"]{width:48px}.elementor-widget-image img{vertical-align:middle;display:inline-block}<\/style>\t\t\t\t\t\t\t\t\t\t\t\t<img loading=\"lazy\" decoding=\"async\" width=\"2560\" height=\"1920\" src=\"https:\/\/planeta.us.edu.pl\/wp-content\/uploads\/2022\/10\/IMG20220518133053-scaled.jpg\" class=\"attachment-full size-full\" alt=\"\" srcset=\"https:\/\/planeta.us.edu.pl\/wp-content\/uploads\/2022\/10\/IMG20220518133053-scaled.jpg 2560w, https:\/\/planeta.us.edu.pl\/wp-content\/uploads\/2022\/10\/IMG20220518133053-300x225.jpg 300w, https:\/\/planeta.us.edu.pl\/wp-content\/uploads\/2022\/10\/IMG20220518133053-1024x768.jpg 1024w, https:\/\/planeta.us.edu.pl\/wp-content\/uploads\/2022\/10\/IMG20220518133053-768x576.jpg 768w, https:\/\/planeta.us.edu.pl\/wp-content\/uploads\/2022\/10\/IMG20220518133053-1536x1152.jpg 1536w, https:\/\/planeta.us.edu.pl\/wp-content\/uploads\/2022\/10\/IMG20220518133053-2048x1536.jpg 2048w\" sizes=\"auto, (max-width: 2560px) 100vw, 2560px\" \/>\t\t\t\t\t\t\t\t\t\t\t\t\t\t\t<\/div>\n\t\t\t\t<\/div>\n\t\t\t\t\t<\/div>\n\t\t<\/div>\n\t\t\t\t<div class=\"elementor-column elementor-col-50 elementor-top-column elementor-element elementor-element-6118ff7\" data-id=\"6118ff7\" data-element_type=\"column\">\n\t\t\t<div class=\"elementor-widget-wrap elementor-element-populated\">\n\t\t\t\t\t\t\t\t<div class=\"elementor-element elementor-element-cab4945 elementor-widget elementor-widget-heading\" data-id=\"cab4945\" data-element_type=\"widget\" data-widget_type=\"heading.default\">\n\t\t\t\t<div class=\"elementor-widget-container\">\n\t\t\t<style>\/*! elementor - v3.7.6 - 15-09-2022 *\/\n.elementor-heading-title{padding:0;margin:0;line-height:1}.elementor-widget-heading .elementor-heading-title[class*=elementor-size-]>a{color:inherit;font-size:inherit;line-height:inherit}.elementor-widget-heading .elementor-heading-title.elementor-size-small{font-size:15px}.elementor-widget-heading .elementor-heading-title.elementor-size-medium{font-size:19px}.elementor-widget-heading .elementor-heading-title.elementor-size-large{font-size:29px}.elementor-widget-heading .elementor-heading-title.elementor-size-xl{font-size:39px}.elementor-widget-heading .elementor-heading-title.elementor-size-xxl{font-size:59px}<\/style><h2 class=\"elementor-heading-title elementor-size-default\">Astrobiologia<\/h2>\t\t<\/div>\n\t\t\t\t<\/div>\n\t\t\t\t<div class=\"elementor-element elementor-element-fbdcf4a elementor-widget elementor-widget-text-editor\" data-id=\"fbdcf4a\" data-element_type=\"widget\" data-widget_type=\"text-editor.default\">\n\t\t\t\t<div class=\"elementor-widget-container\">\n\t\t\t<style>\/*! elementor - v3.7.6 - 15-09-2022 *\/\n.elementor-widget-text-editor.elementor-drop-cap-view-stacked .elementor-drop-cap{background-color:#818a91;color:#fff}.elementor-widget-text-editor.elementor-drop-cap-view-framed .elementor-drop-cap{color:#818a91;border:3px solid;background-color:transparent}.elementor-widget-text-editor:not(.elementor-drop-cap-view-default) .elementor-drop-cap{margin-top:8px}.elementor-widget-text-editor:not(.elementor-drop-cap-view-default) .elementor-drop-cap-letter{width:1em;height:1em}.elementor-widget-text-editor .elementor-drop-cap{float:left;text-align:center;line-height:1;font-size:50px}.elementor-widget-text-editor .elementor-drop-cap-letter{display:inline-block}<\/style>\t\t\t\t<p><strong>Projekt jest w fazie przygotowaczej i b\u0119dzie omawiany na walnym zebraniu w listopadzie 2022<\/strong><\/p><p>\u00a0<\/p><p>Wszystkie szczeg\u00f3\u0142y podamy na zebraniu \ud83d\ude42<\/p><p>B\u0119dziemy prowadzi\u0107 nab\u00f3r do projektu i ka\u017cdy b\u0119dzie m\u00f3g\u0142 do\u0142o\u017cy\u0107 swoj\u0105 cegie\u0142k\u0119 wk\u0142adu.<\/p><p>\u00a0<\/p><p>Aktualny sk\u0142ad zespo\u0142u:\u00a0<\/p><p><strong>Agnieszka Bylina &#8211; koordynator\u00a0<\/strong><\/p><p><strong>Natalia Szkaradek<\/strong><\/p><p><strong>Szymon B\u0142achowiak<\/strong><\/p><p>Opiekun naukowy projektu: dr Piotr Siupka<\/p>\t\t\t\t\t\t<\/div>\n\t\t\t\t<\/div>\n\t\t\t\t\t<\/div>\n\t\t<\/div>\n\t\t\t\t\t\t\t<\/div>\n\t\t<\/section>\n\t\t\t\t\t\t\t<\/div>\n\t\t","protected":false},"excerpt":{"rendered":"<p>Astrobiologia Projekt jest w fazie przygotowaczej i b\u0119dzie omawiany na walnym zebraniu w listopadzie 2022 \u00a0 Wszystkie szczeg\u00f3\u0142y podamy na zebraniu \ud83d\ude42 B\u0119dziemy prowadzi\u0107 nab\u00f3r do projektu i ka\u017cdy b\u0119dzie m\u00f3g\u0142 do\u0142o\u017cy\u0107 swoj\u0105 cegie\u0142k\u0119 wk\u0142adu. \u00a0 Aktualny sk\u0142ad zespo\u0142u:\u00a0 Agnieszka Bylina &#8211; koordynator\u00a0 Natalia Szkaradek Szymon B\u0142achowiak Opiekun naukowy projektu: dr Piotr Siupka<\/p>\n","protected":false},"author":1,"featured_media":0,"parent":0,"menu_order":0,"comment_status":"closed","ping_status":"closed","template":"","meta":{"site-sidebar-layout":"no-sidebar","site-content-layout":"page-builder","ast-global-header-display":"","ast-main-header-display":"","ast-hfb-above-header-display":"","ast-hfb-below-header-display":"","ast-hfb-mobile-header-display":"","site-post-title":"disabled","ast-breadcrumbs-content":"","ast-featured-img":"disabled","footer-sml-layout":"","theme-transparent-header-meta":"","adv-header-id-meta":"","stick-header-meta":"","header-above-stick-meta":"","header-main-stick-meta":"","header-below-stick-meta":"","footnotes":""},"class_list":["post-1681","page","type-page","status-publish","hentry"],"_links":{"self":[{"href":"https:\/\/planeta.us.edu.pl\/index.php\/wp-json\/wp\/v2\/pages\/1681","targetHints":{"allow":["GET"]}}],"collection":[{"href":"https:\/\/planeta.us.edu.pl\/index.php\/wp-json\/wp\/v2\/pages"}],"about":[{"href":"https:\/\/planeta.us.edu.pl\/index.php\/wp-json\/wp\/v2\/types\/page"}],"author":[{"embeddable":true,"href":"https:\/\/planeta.us.edu.pl\/index.php\/wp-json\/wp\/v2\/users\/1"}],"replies":[{"embeddable":true,"href":"https:\/\/planeta.us.edu.pl\/index.php\/wp-json\/wp\/v2\/comments?post=1681"}],"version-history":[{"count":7,"href":"https:\/\/planeta.us.edu.pl\/index.php\/wp-json\/wp\/v2\/pages\/1681\/revisions"}],"predecessor-version":[{"id":2471,"href":"https:\/\/planeta.us.edu.pl\/index.php\/wp-json\/wp\/v2\/pages\/1681\/revisions\/2471"}],"wp:attachment":[{"href":"https:\/\/planeta.us.edu.pl\/index.php\/wp-json\/wp\/v2\/media?parent=1681"}],"curies":[{"name":"wp","href":"https:\/\/api.w.org\/{rel}","templated":true}]}}