{"id":1833,"date":"2022-09-20T10:06:42","date_gmt":"2022-09-20T10:06:42","guid":{"rendered":"https:\/\/planeta.us.edu.pl\/?page_id=1833"},"modified":"2022-10-26T18:26:39","modified_gmt":"2022-10-26T18:26:39","slug":"hodowla-basidiomycota","status":"publish","type":"page","link":"https:\/\/planeta.us.edu.pl\/index.php\/hodowla-basidiomycota\/","title":{"rendered":"Hodowla Basidiomycota"},"content":{"rendered":"\t\t<div data-elementor-type=\"wp-page\" data-elementor-id=\"1833\" class=\"elementor elementor-1833\">\n\t\t\t\t\t\t\t\t\t<section class=\"elementor-section elementor-top-section elementor-element elementor-element-912e3ad elementor-section-content-middle elementor-section-boxed elementor-section-height-default elementor-section-height-default\" data-id=\"912e3ad\" data-element_type=\"section\" data-settings=\"{&quot;background_background&quot;:&quot;classic&quot;}\">\n\t\t\t\t\t\t\t<div class=\"elementor-background-overlay\"><\/div>\n\t\t\t\t\t\t\t<div class=\"elementor-container elementor-column-gap-no\">\n\t\t\t\t\t<div class=\"elementor-column elementor-col-50 elementor-top-column elementor-element elementor-element-7c4abf7\" data-id=\"7c4abf7\" data-element_type=\"column\">\n\t\t\t<div class=\"elementor-widget-wrap elementor-element-populated\">\n\t\t\t\t\t\t\t\t<div class=\"elementor-element elementor-element-6aaec30 elementor-widget elementor-widget-image\" data-id=\"6aaec30\" data-element_type=\"widget\" data-widget_type=\"image.default\">\n\t\t\t\t<div class=\"elementor-widget-container\">\n\t\t\t<style>\/*! elementor - v3.7.6 - 15-09-2022 *\/\n.elementor-widget-image{text-align:center}.elementor-widget-image a{display:inline-block}.elementor-widget-image a img[src$=\".svg\"]{width:48px}.elementor-widget-image img{vertical-align:middle;display:inline-block}<\/style>\t\t\t\t\t\t\t\t\t\t\t\t<img loading=\"lazy\" decoding=\"async\" width=\"1920\" height=\"2041\" src=\"https:\/\/planeta.us.edu.pl\/wp-content\/uploads\/2022\/10\/lc-scaled-e1665952354708.jpg\" class=\"attachment-full size-full\" alt=\"\" srcset=\"https:\/\/planeta.us.edu.pl\/wp-content\/uploads\/2022\/10\/lc-scaled-e1665952354708.jpg 1920w, https:\/\/planeta.us.edu.pl\/wp-content\/uploads\/2022\/10\/lc-scaled-e1665952354708-282x300.jpg 282w, https:\/\/planeta.us.edu.pl\/wp-content\/uploads\/2022\/10\/lc-scaled-e1665952354708-963x1024.jpg 963w, https:\/\/planeta.us.edu.pl\/wp-content\/uploads\/2022\/10\/lc-scaled-e1665952354708-768x816.jpg 768w, https:\/\/planeta.us.edu.pl\/wp-content\/uploads\/2022\/10\/lc-scaled-e1665952354708-1445x1536.jpg 1445w\" sizes=\"auto, (max-width: 1920px) 100vw, 1920px\" \/>\t\t\t\t\t\t\t\t\t\t\t\t\t\t\t<\/div>\n\t\t\t\t<\/div>\n\t\t\t\t\t<\/div>\n\t\t<\/div>\n\t\t\t\t<div class=\"elementor-column elementor-col-50 elementor-top-column elementor-element elementor-element-3354c04\" data-id=\"3354c04\" data-element_type=\"column\">\n\t\t\t<div class=\"elementor-widget-wrap elementor-element-populated\">\n\t\t\t\t\t\t\t\t<div class=\"elementor-element elementor-element-8b58dda elementor-widget elementor-widget-heading\" data-id=\"8b58dda\" data-element_type=\"widget\" data-widget_type=\"heading.default\">\n\t\t\t\t<div class=\"elementor-widget-container\">\n\t\t\t<style>\/*! elementor - v3.7.6 - 15-09-2022 *\/\n.elementor-heading-title{padding:0;margin:0;line-height:1}.elementor-widget-heading .elementor-heading-title[class*=elementor-size-]>a{color:inherit;font-size:inherit;line-height:inherit}.elementor-widget-heading .elementor-heading-title.elementor-size-small{font-size:15px}.elementor-widget-heading .elementor-heading-title.elementor-size-medium{font-size:19px}.elementor-widget-heading .elementor-heading-title.elementor-size-large{font-size:29px}.elementor-widget-heading .elementor-heading-title.elementor-size-xl{font-size:39px}.elementor-widget-heading .elementor-heading-title.elementor-size-xxl{font-size:59px}<\/style><h2 class=\"elementor-heading-title elementor-size-default\">Hodowla <i>Basidiomycota<\/i><\/h2>\t\t<\/div>\n\t\t\t\t<\/div>\n\t\t\t\t<div class=\"elementor-element elementor-element-7bdead8 elementor-widget elementor-widget-text-editor\" data-id=\"7bdead8\" data-element_type=\"widget\" data-widget_type=\"text-editor.default\">\n\t\t\t\t<div class=\"elementor-widget-container\">\n\t\t\t<style>\/*! elementor - v3.7.6 - 15-09-2022 *\/\n.elementor-widget-text-editor.elementor-drop-cap-view-stacked .elementor-drop-cap{background-color:#818a91;color:#fff}.elementor-widget-text-editor.elementor-drop-cap-view-framed .elementor-drop-cap{color:#818a91;border:3px solid;background-color:transparent}.elementor-widget-text-editor:not(.elementor-drop-cap-view-default) .elementor-drop-cap{margin-top:8px}.elementor-widget-text-editor:not(.elementor-drop-cap-view-default) .elementor-drop-cap-letter{width:1em;height:1em}.elementor-widget-text-editor .elementor-drop-cap{float:left;text-align:center;line-height:1;font-size:50px}.elementor-widget-text-editor .elementor-drop-cap-letter{display:inline-block}<\/style>\t\t\t\t<p><strong>Projekt zak\u0142ada nauczenie si\u0119 hodowli grzyb\u00f3w z typu podstawczak\u00f3w (<i>Basidiomycota<\/i>)<\/strong><\/p><p>Planujemy nauczy\u0107 si\u0119 hodowli tych grzyb\u00f3w, aby w p\u00f3\u017aniejszym czasie wdro\u017cy\u0107 badania biotechnologiczne z ich wykorzystaniem oraz badania zwi\u0105zane z in\u017cynieri\u0105 materia\u0142ow\u0105.\u00a0<\/p><p>\u00a0<\/p><p>Zesp\u00f3\u0142:\u00a0<\/p><p><strong>Agnieszka Bylina &#8211; koordynator\u00a0<\/strong><\/p><p><strong>Opiekun projektu: dr hab. prof. Leszek Marynowski<\/strong><\/p>\t\t\t\t\t\t<\/div>\n\t\t\t\t<\/div>\n\t\t\t\t\t<\/div>\n\t\t<\/div>\n\t\t\t\t\t\t\t<\/div>\n\t\t<\/section>\n\t\t\t\t\t\t\t<\/div>\n\t\t","protected":false},"excerpt":{"rendered":"<p>Hodowla Basidiomycota Projekt zak\u0142ada nauczenie si\u0119 hodowli grzyb\u00f3w z typu podstawczak\u00f3w (Basidiomycota) Planujemy nauczy\u0107 si\u0119 hodowli tych grzyb\u00f3w, aby w p\u00f3\u017aniejszym czasie wdro\u017cy\u0107 badania biotechnologiczne z ich wykorzystaniem oraz badania zwi\u0105zane z in\u017cynieri\u0105 materia\u0142ow\u0105.\u00a0 \u00a0 Zesp\u00f3\u0142:\u00a0 Agnieszka Bylina &#8211; koordynator\u00a0 Opiekun projektu: dr hab. prof. Leszek Marynowski<\/p>\n","protected":false},"author":1,"featured_media":0,"parent":0,"menu_order":0,"comment_status":"closed","ping_status":"closed","template":"","meta":{"site-sidebar-layout":"no-sidebar","site-content-layout":"page-builder","ast-global-header-display":"","ast-main-header-display":"","ast-hfb-above-header-display":"","ast-hfb-below-header-display":"","ast-hfb-mobile-header-display":"","site-post-title":"disabled","ast-breadcrumbs-content":"","ast-featured-img":"disabled","footer-sml-layout":"","theme-transparent-header-meta":"","adv-header-id-meta":"","stick-header-meta":"","header-above-stick-meta":"","header-main-stick-meta":"","header-below-stick-meta":"","footnotes":""},"class_list":["post-1833","page","type-page","status-publish","hentry"],"_links":{"self":[{"href":"https:\/\/planeta.us.edu.pl\/index.php\/wp-json\/wp\/v2\/pages\/1833","targetHints":{"allow":["GET"]}}],"collection":[{"href":"https:\/\/planeta.us.edu.pl\/index.php\/wp-json\/wp\/v2\/pages"}],"about":[{"href":"https:\/\/planeta.us.edu.pl\/index.php\/wp-json\/wp\/v2\/types\/page"}],"author":[{"embeddable":true,"href":"https:\/\/planeta.us.edu.pl\/index.php\/wp-json\/wp\/v2\/users\/1"}],"replies":[{"embeddable":true,"href":"https:\/\/planeta.us.edu.pl\/index.php\/wp-json\/wp\/v2\/comments?post=1833"}],"version-history":[{"count":13,"href":"https:\/\/planeta.us.edu.pl\/index.php\/wp-json\/wp\/v2\/pages\/1833\/revisions"}],"predecessor-version":[{"id":2659,"href":"https:\/\/planeta.us.edu.pl\/index.php\/wp-json\/wp\/v2\/pages\/1833\/revisions\/2659"}],"wp:attachment":[{"href":"https:\/\/planeta.us.edu.pl\/index.php\/wp-json\/wp\/v2\/media?parent=1833"}],"curies":[{"name":"wp","href":"https:\/\/api.w.org\/{rel}","templated":true}]}}