{"id":1861,"date":"2022-09-20T10:42:14","date_gmt":"2022-09-20T10:42:14","guid":{"rendered":"https:\/\/planeta.us.edu.pl\/?page_id=1861"},"modified":"2022-10-19T10:23:10","modified_gmt":"2022-10-19T10:23:10","slug":"jungle-fever","status":"publish","type":"page","link":"https:\/\/planeta.us.edu.pl\/index.php\/jungle-fever\/","title":{"rendered":"Jungle Fever"},"content":{"rendered":"\t\t<div data-elementor-type=\"wp-page\" data-elementor-id=\"1861\" class=\"elementor elementor-1861\">\n\t\t\t\t\t\t\t\t\t<section class=\"elementor-section elementor-top-section elementor-element elementor-element-cf1f377 elementor-section-boxed elementor-section-height-default elementor-section-height-default\" data-id=\"cf1f377\" data-element_type=\"section\">\n\t\t\t\t\t\t<div class=\"elementor-container elementor-column-gap-default\">\n\t\t\t\t\t<div class=\"elementor-column elementor-col-100 elementor-top-column elementor-element elementor-element-3a5690a\" data-id=\"3a5690a\" data-element_type=\"column\">\n\t\t\t<div class=\"elementor-widget-wrap elementor-element-populated\">\n\t\t\t\t\t\t\t\t<section class=\"elementor-section elementor-inner-section elementor-element elementor-element-ebc51e3 elementor-section-boxed elementor-section-height-default elementor-section-height-default\" data-id=\"ebc51e3\" data-element_type=\"section\">\n\t\t\t\t\t\t<div class=\"elementor-container elementor-column-gap-no\">\n\t\t\t\t\t<div class=\"elementor-column elementor-col-33 elementor-inner-column elementor-element elementor-element-caa43ea\" data-id=\"caa43ea\" data-element_type=\"column\">\n\t\t\t<div class=\"elementor-widget-wrap elementor-element-populated\">\n\t\t\t\t\t\t\t\t<div class=\"elementor-element elementor-element-4e4a19d elementor-widget elementor-widget-heading\" data-id=\"4e4a19d\" data-element_type=\"widget\" data-widget_type=\"heading.default\">\n\t\t\t\t<div class=\"elementor-widget-container\">\n\t\t\t<style>\/*! elementor - v3.7.6 - 15-09-2022 *\/\n.elementor-heading-title{padding:0;margin:0;line-height:1}.elementor-widget-heading .elementor-heading-title[class*=elementor-size-]>a{color:inherit;font-size:inherit;line-height:inherit}.elementor-widget-heading .elementor-heading-title.elementor-size-small{font-size:15px}.elementor-widget-heading .elementor-heading-title.elementor-size-medium{font-size:19px}.elementor-widget-heading .elementor-heading-title.elementor-size-large{font-size:29px}.elementor-widget-heading .elementor-heading-title.elementor-size-xl{font-size:39px}.elementor-widget-heading .elementor-heading-title.elementor-size-xxl{font-size:59px}<\/style><h1 class=\"elementor-heading-title elementor-size-default\">Jungle Fever<\/h1>\t\t<\/div>\n\t\t\t\t<\/div>\n\t\t\t\t\t<\/div>\n\t\t<\/div>\n\t\t\t\t<div class=\"elementor-column elementor-col-66 elementor-inner-column elementor-element elementor-element-fc22abd\" data-id=\"fc22abd\" data-element_type=\"column\">\n\t\t\t<div class=\"elementor-widget-wrap elementor-element-populated\">\n\t\t\t\t\t\t\t\t<div class=\"elementor-element elementor-element-c80e5db elementor-widget-divider--view-line elementor-widget elementor-widget-divider\" data-id=\"c80e5db\" data-element_type=\"widget\" data-widget_type=\"divider.default\">\n\t\t\t\t<div class=\"elementor-widget-container\">\n\t\t\t<style>\/*! elementor - v3.7.6 - 15-09-2022 *\/\n.elementor-widget-divider{--divider-border-style:none;--divider-border-width:1px;--divider-color:#2c2c2c;--divider-icon-size:20px;--divider-element-spacing:10px;--divider-pattern-height:24px;--divider-pattern-size:20px;--divider-pattern-url:none;--divider-pattern-repeat:repeat-x}.elementor-widget-divider .elementor-divider{display:-webkit-box;display:-ms-flexbox;display:flex}.elementor-widget-divider .elementor-divider__text{font-size:15px;line-height:1;max-width:95%}.elementor-widget-divider .elementor-divider__element{margin:0 var(--divider-element-spacing);-ms-flex-negative:0;flex-shrink:0}.elementor-widget-divider .elementor-icon{font-size:var(--divider-icon-size)}.elementor-widget-divider .elementor-divider-separator{display:-webkit-box;display:-ms-flexbox;display:flex;margin:0;direction:ltr}.elementor-widget-divider--view-line_icon .elementor-divider-separator,.elementor-widget-divider--view-line_text .elementor-divider-separator{-webkit-box-align:center;-ms-flex-align:center;align-items:center}.elementor-widget-divider--view-line_icon .elementor-divider-separator:after,.elementor-widget-divider--view-line_icon .elementor-divider-separator:before,.elementor-widget-divider--view-line_text .elementor-divider-separator:after,.elementor-widget-divider--view-line_text .elementor-divider-separator:before{display:block;content:\"\";border-bottom:0;-webkit-box-flex:1;-ms-flex-positive:1;flex-grow:1;border-top:var(--divider-border-width) var(--divider-border-style) var(--divider-color)}.elementor-widget-divider--element-align-left .elementor-divider .elementor-divider-separator>.elementor-divider__svg:first-of-type{-webkit-box-flex:0;-ms-flex-positive:0;flex-grow:0;-ms-flex-negative:100;flex-shrink:100}.elementor-widget-divider--element-align-left .elementor-divider-separator:before{content:none}.elementor-widget-divider--element-align-left .elementor-divider__element{margin-left:0}.elementor-widget-divider--element-align-right .elementor-divider .elementor-divider-separator>.elementor-divider__svg:last-of-type{-webkit-box-flex:0;-ms-flex-positive:0;flex-grow:0;-ms-flex-negative:100;flex-shrink:100}.elementor-widget-divider--element-align-right .elementor-divider-separator:after{content:none}.elementor-widget-divider--element-align-right .elementor-divider__element{margin-right:0}.elementor-widget-divider:not(.elementor-widget-divider--view-line_text):not(.elementor-widget-divider--view-line_icon) .elementor-divider-separator{border-top:var(--divider-border-width) var(--divider-border-style) var(--divider-color)}.elementor-widget-divider--separator-type-pattern{--divider-border-style:none}.elementor-widget-divider--separator-type-pattern.elementor-widget-divider--view-line .elementor-divider-separator,.elementor-widget-divider--separator-type-pattern:not(.elementor-widget-divider--view-line) .elementor-divider-separator:after,.elementor-widget-divider--separator-type-pattern:not(.elementor-widget-divider--view-line) .elementor-divider-separator:before,.elementor-widget-divider--separator-type-pattern:not([class*=elementor-widget-divider--view]) .elementor-divider-separator{width:100%;min-height:var(--divider-pattern-height);-webkit-mask-size:var(--divider-pattern-size) 100%;mask-size:var(--divider-pattern-size) 100%;-webkit-mask-repeat:var(--divider-pattern-repeat);mask-repeat:var(--divider-pattern-repeat);background-color:var(--divider-color);-webkit-mask-image:var(--divider-pattern-url);mask-image:var(--divider-pattern-url)}.elementor-widget-divider--no-spacing{--divider-pattern-size:auto}.elementor-widget-divider--bg-round{--divider-pattern-repeat:round}.rtl .elementor-widget-divider .elementor-divider__text{direction:rtl}.e-container>.elementor-widget-divider{width:var(--container-widget-width,100%);--flex-grow:var(--container-widget-flex-grow,0)}<\/style>\t\t<div class=\"elementor-divider\">\n\t\t\t<span class=\"elementor-divider-separator\">\n\t\t\t\t\t\t<\/span>\n\t\t<\/div>\n\t\t\t\t<\/div>\n\t\t\t\t<\/div>\n\t\t\t\t<div class=\"elementor-element elementor-element-da46fbf elementor-widget elementor-widget-heading\" data-id=\"da46fbf\" data-element_type=\"widget\" data-widget_type=\"heading.default\">\n\t\t\t\t<div class=\"elementor-widget-container\">\n\t\t\t<h3 class=\"elementor-heading-title elementor-size-default\"><span style=\"color: rgb(73, 75, 81); font-family: Roboto, sans-serif; font-size: 16px; white-space: normal;\">Projekt by\u0142 realizowany we wsp\u00f3\u0142pracy z Palmiarni\u0105 Miejsk\u0105 w Gliwicach<\/span><\/h3>\t\t<\/div>\n\t\t\t\t<\/div>\n\t\t\t\t<div class=\"elementor-element elementor-element-41fbad1 elementor-widget elementor-widget-text-editor\" data-id=\"41fbad1\" data-element_type=\"widget\" data-widget_type=\"text-editor.default\">\n\t\t\t\t<div class=\"elementor-widget-container\">\n\t\t\t<style>\/*! elementor - v3.7.6 - 15-09-2022 *\/\n.elementor-widget-text-editor.elementor-drop-cap-view-stacked .elementor-drop-cap{background-color:#818a91;color:#fff}.elementor-widget-text-editor.elementor-drop-cap-view-framed .elementor-drop-cap{color:#818a91;border:3px solid;background-color:transparent}.elementor-widget-text-editor:not(.elementor-drop-cap-view-default) .elementor-drop-cap{margin-top:8px}.elementor-widget-text-editor:not(.elementor-drop-cap-view-default) .elementor-drop-cap-letter{width:1em;height:1em}.elementor-widget-text-editor .elementor-drop-cap{float:left;text-align:center;line-height:1;font-size:50px}.elementor-widget-text-editor .elementor-drop-cap-letter{display:inline-block}<\/style>\t\t\t\t<p>Jungle fever dotycz\u0105cym rozmna\u017cania ro\u015blin egzotycznych Palmiarni Miejskiej w Gliwicach metodami kultur in vitro.<\/p><p>\u00a0<\/p>\t\t\t\t\t\t<\/div>\n\t\t\t\t<\/div>\n\t\t\t\t\t<\/div>\n\t\t<\/div>\n\t\t\t\t\t\t\t<\/div>\n\t\t<\/section>\n\t\t\t\t<div class=\"elementor-element elementor-element-0496c86 elementor-widget elementor-widget-image\" data-id=\"0496c86\" data-element_type=\"widget\" data-widget_type=\"image.default\">\n\t\t\t\t<div class=\"elementor-widget-container\">\n\t\t\t<style>\/*! elementor - v3.7.6 - 15-09-2022 *\/\n.elementor-widget-image{text-align:center}.elementor-widget-image a{display:inline-block}.elementor-widget-image a img[src$=\".svg\"]{width:48px}.elementor-widget-image img{vertical-align:middle;display:inline-block}<\/style>\t\t\t\t\t\t\t\t\t\t\t\t<img loading=\"lazy\" decoding=\"async\" width=\"300\" height=\"163\" src=\"https:\/\/planeta.us.edu.pl\/wp-content\/uploads\/2022\/09\/jungle-fever-1-fot.-pawel-wcislo-zregenerowany-ped-akacji-preriowej-Acacia-angustissima-1.jpg\" class=\"attachment-large size-large\" alt=\"\" \/>\t\t\t\t\t\t\t\t\t\t\t\t\t\t\t<\/div>\n\t\t\t\t<\/div>\n\t\t\t\t\t<\/div>\n\t\t<\/div>\n\t\t\t\t\t\t\t<\/div>\n\t\t<\/section>\n\t\t\t\t<section class=\"elementor-section elementor-top-section elementor-element elementor-element-tod27q8 elementor-section-boxed elementor-section-height-default elementor-section-height-default\" data-id=\"tod27q8\" data-element_type=\"section\" data-settings=\"{&quot;background_background&quot;:&quot;classic&quot;}\">\n\t\t\t\t\t\t<div class=\"elementor-container elementor-column-gap-no\">\n\t\t\t\t\t<div class=\"elementor-column elementor-col-100 elementor-top-column elementor-element elementor-element-3700ce5\" data-id=\"3700ce5\" data-element_type=\"column\">\n\t\t\t<div class=\"elementor-widget-wrap elementor-element-populated\">\n\t\t\t\t\t\t\t\t<section class=\"elementor-section elementor-inner-section elementor-element elementor-element-55b0cc5 elementor-section-boxed elementor-section-height-default elementor-section-height-default\" data-id=\"55b0cc5\" data-element_type=\"section\">\n\t\t\t\t\t\t<div class=\"elementor-container elementor-column-gap-no\">\n\t\t\t\t\t<div class=\"elementor-column elementor-col-33 elementor-inner-column elementor-element elementor-element-e7a22fd\" data-id=\"e7a22fd\" data-element_type=\"column\">\n\t\t\t<div class=\"elementor-widget-wrap elementor-element-populated\">\n\t\t\t\t\t\t\t\t<div class=\"elementor-element elementor-element-843a15a elementor-widget elementor-widget-heading\" data-id=\"843a15a\" data-element_type=\"widget\" data-widget_type=\"heading.default\">\n\t\t\t\t<div class=\"elementor-widget-container\">\n\t\t\t<h6 class=\"elementor-heading-title elementor-size-default\">Historia projektu<\/h6>\t\t<\/div>\n\t\t\t\t<\/div>\n\t\t\t\t\t<\/div>\n\t\t<\/div>\n\t\t\t\t<div class=\"elementor-column elementor-col-66 elementor-inner-column elementor-element elementor-element-c1e118e\" data-id=\"c1e118e\" data-element_type=\"column\">\n\t\t\t<div class=\"elementor-widget-wrap elementor-element-populated\">\n\t\t\t\t\t\t\t\t<div class=\"elementor-element elementor-element-600e890 elementor-widget elementor-widget-text-editor\" data-id=\"600e890\" data-element_type=\"widget\" data-widget_type=\"text-editor.default\">\n\t\t\t\t<div class=\"elementor-widget-container\">\n\t\t\t\t\t\t\t<p>2013 \u2013 2017, projekt trwa\u0142 4 lata. Fizjologia ro\u015blin i genetyka \u2013 projekt skupia\u0142 si\u0119 na rozmna\u017caniu ro\u015blin egzotycznych w warunkach <em>in vitro<\/em>. Liderem zespo\u0142u i pomys\u0142odawc\u0105 by\u0142 \u015bp. Albert Janota. Proekt by\u0142 realizowany we wsp\u00f3\u0142pracy z Palmiarni\u0105 Miejsk\u0105 w Gliwicach. Palmiarnia zapewni\u0142a sprz\u0119t laboratoryjny, odczynniki chemiczne i ro\u015bliny. Ko\u0142o przeprowadzi\u0142o badania i ukorzeni\u0142o sadzonki.<\/p><p>Projekt \u201eJungle Fever\u201d zak\u0142ada\u0142 pr\u00f3by regeneracji ca\u0142ych ro\u015blin z fragment\u00f3w p\u0119d\u00f3w b\u0105d\u017a li\u015bci \u2013 nazywanych w czasie eksperymentu eksplantatami \u2013 ro\u015blin, kt\u00f3re w warunkach szklarniowych bardzo trudno si\u0119 rozmna\u017caj\u0105. Przeniesienie ro\u015blin do laboratorium, u\u017cycie hormon\u00f3w wspomagaj\u0105cych wzrost, po\u017cywek (czyli sztucznych pod\u0142o\u017cy zast\u0119puj\u0105cych gleb\u0119 na czas eksperymentu), sprz\u0119tu laboratoryjnego i odpowiednio przygotowanych do tego procesu pokoi hodowlanych oraz szklarni Wydzia\u0142u Biologii i Ochrony \u015arodowiska Uniwersytetu \u015al\u0105skiego mia\u0142o wspom\u00f3c powy\u017cszy proces, by zako\u0144czy\u0142 si\u0119 sukcesem. Wybrane gatunki ro\u015blin nale\u017ca\u0142y do tych, z kt\u00f3rymi niewielu ludzi na \u015bwiecie mia\u0142o przyjemno\u015b\u0107 pracowa\u0107 w laboratorium, a co za tym idzie, ilo\u015b\u0107 informacji zawartych w pracach naukowych, kt\u00f3re okaza\u0142y si\u0119 pomocne w przygotowaniu protoko\u0142\u00f3w rozmna\u017cania in vitro, by\u0142a mocno ograniczona. Napotykane trudno\u015bci nie zniech\u0119ci\u0142y uczestnik\u00f3w do pracy. Dzi\u0119ki pomocy opiekun\u00f3w Ko\u0142a (szczeg\u00f3lnie mgr Moniki Gajeckiej) przez 4 lata trwania projektu studenci mieli sposobno\u015b\u0107 nauki pracy w warunkach sterylnych, uczestniczenia w licznych seminariach naukowych, wyjazdach, festiwalach nauki, konferencjach oraz, co najwa\u017cniejsze, otrzymali mo\u017cliwo\u015b\u0107 w\u0142asnego wk\u0142adu w rozw\u00f3j projektu i nauki. Na bazie w\u0142asnych do\u015bwiadcze\u0144 otrzymali perspektyw\u0119 opracowania autorskich protoko\u0142\u00f3w i dzi\u0119ki temu zaprezentowania wynik\u00f3w swojej wieloletniej pracy.<\/p><p>W realizacji projektu \u201eJungle Fever\u201d udzia\u0142 wzi\u0119\u0142o ponad 30 student\u00f3w Wydzia\u0142u Biologii i Ochrony \u015arodowiska Uniwersytetu \u015al\u0105skiego. Cz\u0119\u015b\u0107 os\u00f3b, kt\u00f3re go inicjowa\u0142y, dzisiaj ju\u017c jako doktorantki i doktoranci, s\u0105 jego opiekunami i przekazuj\u0105 swoje do\u015bwiadczenie m\u0142odszym adeptom nauki wspieraj\u0105cych dzia\u0142ania Ko\u0142a Naukowego \u201ePlaneta\u201d.<\/p><p>Obecnie projekt zmierza ku ko\u0144cowi. W oparciu o uzyskane wyniki wytypowano dwie najlepiej regeneruj\u0105ce si\u0119 ro\u015bliny, to jest pomara\u0144cz\u0119 chi\u0144sk\u0105 (Citrus sinensis) oraz akacj\u0119 preriow\u0105 (Acacia angustissima). W spos\u00f3b zadowalaj\u0105cy zregenerowano nadziemne p\u0119dy ro\u015blin oraz podj\u0119to pr\u00f3by ich ukorzeniania.<\/p><p>Przebieg projektu, czas trwania.<\/p><p>Koordynator projektu, pomys\u0142odawca, cz\u0142onkowie, opiekun naukowy.<\/p><p>Feugiat lacus sagittis, mauris, lobortis velit ullamcorper vitae in volutpat faucibus elementum, sodales orci mi fames molestie venenatis nunc hendrerit.<\/p>\t\t\t\t\t\t<\/div>\n\t\t\t\t<\/div>\n\t\t\t\t\t<\/div>\n\t\t<\/div>\n\t\t\t\t\t\t\t<\/div>\n\t\t<\/section>\n\t\t\t\t\t<\/div>\n\t\t<\/div>\n\t\t\t\t\t\t\t<\/div>\n\t\t<\/section>\n\t\t\t\t<section class=\"elementor-section elementor-top-section elementor-element elementor-element-dcfa1af elementor-section-content-middle elementor-section-boxed elementor-section-height-default elementor-section-height-default\" data-id=\"dcfa1af\" data-element_type=\"section\" data-settings=\"{&quot;background_background&quot;:&quot;classic&quot;}\">\n\t\t\t\t\t\t\t<div class=\"elementor-background-overlay\"><\/div>\n\t\t\t\t\t\t\t<div class=\"elementor-container elementor-column-gap-no\">\n\t\t\t\t\t<div class=\"elementor-column elementor-col-50 elementor-top-column elementor-element elementor-element-cc0f2df\" data-id=\"cc0f2df\" data-element_type=\"column\">\n\t\t\t<div class=\"elementor-widget-wrap elementor-element-populated\">\n\t\t\t\t\t\t\t\t<div class=\"elementor-element elementor-element-2700c66 elementor-widget elementor-widget-image\" data-id=\"2700c66\" data-element_type=\"widget\" data-widget_type=\"image.default\">\n\t\t\t\t<div class=\"elementor-widget-container\">\n\t\t\t\t\t\t\t\t\t\t\t\t\t\t\t<img loading=\"lazy\" decoding=\"async\" width=\"300\" height=\"163\" src=\"https:\/\/planeta.us.edu.pl\/wp-content\/uploads\/2022\/09\/jungle-fever-1-fot.-pawel-wcislo-zregenerowany-ped-akacji-preriowej-Acacia-angustissima-1.jpg\" class=\"attachment-full size-full\" alt=\"\" \/>\t\t\t\t\t\t\t\t\t\t\t\t\t\t\t<\/div>\n\t\t\t\t<\/div>\n\t\t\t\t\t<\/div>\n\t\t<\/div>\n\t\t\t\t<div class=\"elementor-column elementor-col-50 elementor-top-column elementor-element elementor-element-1db2cfe\" data-id=\"1db2cfe\" data-element_type=\"column\">\n\t\t\t<div class=\"elementor-widget-wrap elementor-element-populated\">\n\t\t\t\t\t\t\t\t<div class=\"elementor-element elementor-element-5be992c elementor-widget elementor-widget-heading\" data-id=\"5be992c\" data-element_type=\"widget\" data-widget_type=\"heading.default\">\n\t\t\t\t<div class=\"elementor-widget-container\">\n\t\t\t<h2 class=\"elementor-heading-title elementor-size-default\">Jungle Fever<\/h2>\t\t<\/div>\n\t\t\t\t<\/div>\n\t\t\t\t<div class=\"elementor-element elementor-element-01111e8 elementor-widget elementor-widget-text-editor\" data-id=\"01111e8\" data-element_type=\"widget\" data-widget_type=\"text-editor.default\">\n\t\t\t\t<div class=\"elementor-widget-container\">\n\t\t\t\t\t\t\t\t\t\t\t\t\t<\/div>\n\t\t\t\t<\/div>\n\t\t\t\t\t<\/div>\n\t\t<\/div>\n\t\t\t\t\t\t\t<\/div>\n\t\t<\/section>\n\t\t\t\t\t\t\t<\/div>\n\t\t","protected":false},"excerpt":{"rendered":"<p>Jungle Fever Projekt by\u0142 realizowany we wsp\u00f3\u0142pracy z Palmiarni\u0105 Miejsk\u0105 w Gliwicach Jungle fever dotycz\u0105cym rozmna\u017cania ro\u015blin egzotycznych Palmiarni Miejskiej w Gliwicach metodami kultur in vitro. \u00a0 Historia projektu 2013 \u2013 2017, projekt trwa\u0142 4 lata. Fizjologia ro\u015blin i genetyka \u2013 projekt skupia\u0142 si\u0119 na rozmna\u017caniu ro\u015blin egzotycznych w warunkach in vitro. Liderem zespo\u0142u i &hellip;<\/p>\n<p class=\"read-more\"> <a class=\"\" href=\"https:\/\/planeta.us.edu.pl\/index.php\/jungle-fever\/\"> <span class=\"screen-reader-text\">Jungle Fever<\/span> Read More &raquo;<\/a><\/p>\n","protected":false},"author":1,"featured_media":0,"parent":0,"menu_order":0,"comment_status":"closed","ping_status":"closed","template":"","meta":{"site-sidebar-layout":"no-sidebar","site-content-layout":"page-builder","ast-global-header-display":"","ast-main-header-display":"","ast-hfb-above-header-display":"","ast-hfb-below-header-display":"","ast-hfb-mobile-header-display":"","site-post-title":"disabled","ast-breadcrumbs-content":"","ast-featured-img":"disabled","footer-sml-layout":"","theme-transparent-header-meta":"","adv-header-id-meta":"","stick-header-meta":"","header-above-stick-meta":"","header-main-stick-meta":"","header-below-stick-meta":"","footnotes":""},"class_list":["post-1861","page","type-page","status-publish","hentry"],"_links":{"self":[{"href":"https:\/\/planeta.us.edu.pl\/index.php\/wp-json\/wp\/v2\/pages\/1861","targetHints":{"allow":["GET"]}}],"collection":[{"href":"https:\/\/planeta.us.edu.pl\/index.php\/wp-json\/wp\/v2\/pages"}],"about":[{"href":"https:\/\/planeta.us.edu.pl\/index.php\/wp-json\/wp\/v2\/types\/page"}],"author":[{"embeddable":true,"href":"https:\/\/planeta.us.edu.pl\/index.php\/wp-json\/wp\/v2\/users\/1"}],"replies":[{"embeddable":true,"href":"https:\/\/planeta.us.edu.pl\/index.php\/wp-json\/wp\/v2\/comments?post=1861"}],"version-history":[{"count":16,"href":"https:\/\/planeta.us.edu.pl\/index.php\/wp-json\/wp\/v2\/pages\/1861\/revisions"}],"predecessor-version":[{"id":2490,"href":"https:\/\/planeta.us.edu.pl\/index.php\/wp-json\/wp\/v2\/pages\/1861\/revisions\/2490"}],"wp:attachment":[{"href":"https:\/\/planeta.us.edu.pl\/index.php\/wp-json\/wp\/v2\/media?parent=1861"}],"curies":[{"name":"wp","href":"https:\/\/api.w.org\/{rel}","templated":true}]}}