{"id":1866,"date":"2022-09-20T10:43:06","date_gmt":"2022-09-20T10:43:06","guid":{"rendered":"https:\/\/planeta.us.edu.pl\/?page_id=1866"},"modified":"2022-10-19T10:25:06","modified_gmt":"2022-10-19T10:25:06","slug":"alien-invasion","status":"publish","type":"page","link":"https:\/\/planeta.us.edu.pl\/index.php\/alien-invasion\/","title":{"rendered":"Alien Invasion"},"content":{"rendered":"\t\t<div data-elementor-type=\"wp-page\" data-elementor-id=\"1866\" class=\"elementor elementor-1866\">\n\t\t\t\t\t\t\t\t\t<section class=\"elementor-section elementor-top-section elementor-element elementor-element-klwaomu elementor-section-boxed elementor-section-height-default elementor-section-height-default\" data-id=\"klwaomu\" data-element_type=\"section\" data-settings=\"{&quot;background_background&quot;:&quot;classic&quot;}\">\n\t\t\t\t\t\t<div class=\"elementor-container elementor-column-gap-no\">\n\t\t\t\t\t<div class=\"elementor-column elementor-col-100 elementor-top-column elementor-element elementor-element-3700ce5\" data-id=\"3700ce5\" data-element_type=\"column\">\n\t\t\t<div class=\"elementor-widget-wrap elementor-element-populated\">\n\t\t\t\t\t\t\t\t<section class=\"elementor-section elementor-inner-section elementor-element elementor-element-ebc51e3 elementor-section-boxed elementor-section-height-default elementor-section-height-default\" data-id=\"ebc51e3\" data-element_type=\"section\">\n\t\t\t\t\t\t<div class=\"elementor-container elementor-column-gap-no\">\n\t\t\t\t\t<div class=\"elementor-column elementor-col-33 elementor-inner-column elementor-element elementor-element-caa43ea\" data-id=\"caa43ea\" data-element_type=\"column\">\n\t\t\t<div class=\"elementor-widget-wrap elementor-element-populated\">\n\t\t\t\t\t\t\t\t<div class=\"elementor-element elementor-element-4e4a19d elementor-widget elementor-widget-heading\" data-id=\"4e4a19d\" data-element_type=\"widget\" data-widget_type=\"heading.default\">\n\t\t\t\t<div class=\"elementor-widget-container\">\n\t\t\t<style>\/*! elementor - v3.7.6 - 15-09-2022 *\/\n.elementor-heading-title{padding:0;margin:0;line-height:1}.elementor-widget-heading .elementor-heading-title[class*=elementor-size-]>a{color:inherit;font-size:inherit;line-height:inherit}.elementor-widget-heading .elementor-heading-title.elementor-size-small{font-size:15px}.elementor-widget-heading .elementor-heading-title.elementor-size-medium{font-size:19px}.elementor-widget-heading .elementor-heading-title.elementor-size-large{font-size:29px}.elementor-widget-heading .elementor-heading-title.elementor-size-xl{font-size:39px}.elementor-widget-heading .elementor-heading-title.elementor-size-xxl{font-size:59px}<\/style><h1 class=\"elementor-heading-title elementor-size-default\">Alien Invasion<\/h1>\t\t<\/div>\n\t\t\t\t<\/div>\n\t\t\t\t\t<\/div>\n\t\t<\/div>\n\t\t\t\t<div class=\"elementor-column elementor-col-66 elementor-inner-column elementor-element elementor-element-fc22abd\" data-id=\"fc22abd\" data-element_type=\"column\">\n\t\t\t<div class=\"elementor-widget-wrap elementor-element-populated\">\n\t\t\t\t\t\t\t\t<div class=\"elementor-element elementor-element-c80e5db elementor-widget-divider--view-line elementor-widget elementor-widget-divider\" data-id=\"c80e5db\" data-element_type=\"widget\" data-widget_type=\"divider.default\">\n\t\t\t\t<div class=\"elementor-widget-container\">\n\t\t\t<style>\/*! elementor - v3.7.6 - 15-09-2022 *\/\n.elementor-widget-divider{--divider-border-style:none;--divider-border-width:1px;--divider-color:#2c2c2c;--divider-icon-size:20px;--divider-element-spacing:10px;--divider-pattern-height:24px;--divider-pattern-size:20px;--divider-pattern-url:none;--divider-pattern-repeat:repeat-x}.elementor-widget-divider .elementor-divider{display:-webkit-box;display:-ms-flexbox;display:flex}.elementor-widget-divider .elementor-divider__text{font-size:15px;line-height:1;max-width:95%}.elementor-widget-divider .elementor-divider__element{margin:0 var(--divider-element-spacing);-ms-flex-negative:0;flex-shrink:0}.elementor-widget-divider .elementor-icon{font-size:var(--divider-icon-size)}.elementor-widget-divider .elementor-divider-separator{display:-webkit-box;display:-ms-flexbox;display:flex;margin:0;direction:ltr}.elementor-widget-divider--view-line_icon .elementor-divider-separator,.elementor-widget-divider--view-line_text .elementor-divider-separator{-webkit-box-align:center;-ms-flex-align:center;align-items:center}.elementor-widget-divider--view-line_icon .elementor-divider-separator:after,.elementor-widget-divider--view-line_icon .elementor-divider-separator:before,.elementor-widget-divider--view-line_text .elementor-divider-separator:after,.elementor-widget-divider--view-line_text .elementor-divider-separator:before{display:block;content:\"\";border-bottom:0;-webkit-box-flex:1;-ms-flex-positive:1;flex-grow:1;border-top:var(--divider-border-width) var(--divider-border-style) var(--divider-color)}.elementor-widget-divider--element-align-left .elementor-divider .elementor-divider-separator>.elementor-divider__svg:first-of-type{-webkit-box-flex:0;-ms-flex-positive:0;flex-grow:0;-ms-flex-negative:100;flex-shrink:100}.elementor-widget-divider--element-align-left .elementor-divider-separator:before{content:none}.elementor-widget-divider--element-align-left .elementor-divider__element{margin-left:0}.elementor-widget-divider--element-align-right .elementor-divider .elementor-divider-separator>.elementor-divider__svg:last-of-type{-webkit-box-flex:0;-ms-flex-positive:0;flex-grow:0;-ms-flex-negative:100;flex-shrink:100}.elementor-widget-divider--element-align-right .elementor-divider-separator:after{content:none}.elementor-widget-divider--element-align-right .elementor-divider__element{margin-right:0}.elementor-widget-divider:not(.elementor-widget-divider--view-line_text):not(.elementor-widget-divider--view-line_icon) .elementor-divider-separator{border-top:var(--divider-border-width) var(--divider-border-style) var(--divider-color)}.elementor-widget-divider--separator-type-pattern{--divider-border-style:none}.elementor-widget-divider--separator-type-pattern.elementor-widget-divider--view-line .elementor-divider-separator,.elementor-widget-divider--separator-type-pattern:not(.elementor-widget-divider--view-line) .elementor-divider-separator:after,.elementor-widget-divider--separator-type-pattern:not(.elementor-widget-divider--view-line) .elementor-divider-separator:before,.elementor-widget-divider--separator-type-pattern:not([class*=elementor-widget-divider--view]) .elementor-divider-separator{width:100%;min-height:var(--divider-pattern-height);-webkit-mask-size:var(--divider-pattern-size) 100%;mask-size:var(--divider-pattern-size) 100%;-webkit-mask-repeat:var(--divider-pattern-repeat);mask-repeat:var(--divider-pattern-repeat);background-color:var(--divider-color);-webkit-mask-image:var(--divider-pattern-url);mask-image:var(--divider-pattern-url)}.elementor-widget-divider--no-spacing{--divider-pattern-size:auto}.elementor-widget-divider--bg-round{--divider-pattern-repeat:round}.rtl .elementor-widget-divider .elementor-divider__text{direction:rtl}.e-container>.elementor-widget-divider{width:var(--container-widget-width,100%);--flex-grow:var(--container-widget-flex-grow,0)}<\/style>\t\t<div class=\"elementor-divider\">\n\t\t\t<span class=\"elementor-divider-separator\">\n\t\t\t\t\t\t<\/span>\n\t\t<\/div>\n\t\t\t\t<\/div>\n\t\t\t\t<\/div>\n\t\t\t\t<div class=\"elementor-element elementor-element-41fbad1 elementor-widget elementor-widget-text-editor\" data-id=\"41fbad1\" data-element_type=\"widget\" data-widget_type=\"text-editor.default\">\n\t\t\t\t<div class=\"elementor-widget-container\">\n\t\t\t<style>\/*! elementor - v3.7.6 - 15-09-2022 *\/\n.elementor-widget-text-editor.elementor-drop-cap-view-stacked .elementor-drop-cap{background-color:#818a91;color:#fff}.elementor-widget-text-editor.elementor-drop-cap-view-framed .elementor-drop-cap{color:#818a91;border:3px solid;background-color:transparent}.elementor-widget-text-editor:not(.elementor-drop-cap-view-default) .elementor-drop-cap{margin-top:8px}.elementor-widget-text-editor:not(.elementor-drop-cap-view-default) .elementor-drop-cap-letter{width:1em;height:1em}.elementor-widget-text-editor .elementor-drop-cap{float:left;text-align:center;line-height:1;font-size:50px}.elementor-widget-text-editor .elementor-drop-cap-letter{display:inline-block}<\/style>\t\t\t\t<p>Na bazie wynik\u00f3w projektu \u201eJungle Fever\u201d powsta\u0142 projekt \u201eAlien Invasion\u201d, w kt\u00f3rym studenci skupiaj\u0105 si\u0119 na badaniu \u201eobcego \u017cycia\u201d w ro\u015blinach, czyli bakterii i grzyb\u00f3w endofitycznych b\u0119d\u0105cych niezb\u0119dn\u0105 cz\u0119\u015bci\u0105 ich egzystencji.<\/p>\t\t\t\t\t\t<\/div>\n\t\t\t\t<\/div>\n\t\t\t\t\t<\/div>\n\t\t<\/div>\n\t\t\t\t\t\t\t<\/div>\n\t\t<\/section>\n\t\t\t\t<section class=\"elementor-section elementor-inner-section elementor-element elementor-element-55b0cc5 elementor-section-boxed elementor-section-height-default elementor-section-height-default\" data-id=\"55b0cc5\" data-element_type=\"section\">\n\t\t\t\t\t\t<div class=\"elementor-container elementor-column-gap-no\">\n\t\t\t\t\t<div class=\"elementor-column elementor-col-33 elementor-inner-column elementor-element elementor-element-e7a22fd\" data-id=\"e7a22fd\" data-element_type=\"column\">\n\t\t\t<div class=\"elementor-widget-wrap elementor-element-populated\">\n\t\t\t\t\t\t\t\t<div class=\"elementor-element elementor-element-843a15a elementor-widget elementor-widget-heading\" data-id=\"843a15a\" data-element_type=\"widget\" data-widget_type=\"heading.default\">\n\t\t\t\t<div class=\"elementor-widget-container\">\n\t\t\t<h6 class=\"elementor-heading-title elementor-size-default\">Historia Projektu<\/h6>\t\t<\/div>\n\t\t\t\t<\/div>\n\t\t\t\t\t<\/div>\n\t\t<\/div>\n\t\t\t\t<div class=\"elementor-column elementor-col-66 elementor-inner-column elementor-element elementor-element-c1e118e\" data-id=\"c1e118e\" data-element_type=\"column\">\n\t\t\t<div class=\"elementor-widget-wrap elementor-element-populated\">\n\t\t\t\t\t\t\t\t<div class=\"elementor-element elementor-element-600e890 elementor-widget elementor-widget-text-editor\" data-id=\"600e890\" data-element_type=\"widget\" data-widget_type=\"text-editor.default\">\n\t\t\t\t<div class=\"elementor-widget-container\">\n\t\t\t\t\t\t\t<p>W ramach projektu, studenci zg\u0142\u0119biali swoje zainteresowania w kierunkach:<\/p><p><strong>\u015awierszcze<\/strong><\/p><p>Ostatnio nasz\u0105 uwag\u0119 przyku\u0142 \u015bwierszcz. Po\u015bwi\u0119cili\u015bmy wi\u0119c swoj\u0105 uwag\u0119 najpopularniejszej odmianie \u015bwierszcza, czyli \u015bwierszczowi domowemu. To ma\u0142e stworzenie potrafi by\u0107 zaskakuj\u0105ce, poniewa\u017c w hodowli zaobserwowano mutanty \u015bwierszcza maj\u0105ce deficyty pigment\u00f3w wzrokowych. Skoncentrowali\u015bmy si\u0119 na zbadaniu wp\u0142ywu mutacji na jego organizm oraz w jakim stopniu jest odporny na szkodliwe substancje. Przy prowadzeniu takich bada\u0144 korzystamy przewa\u017cnie z test\u00f3w toksyczno\u015bci, a w dalszych etapach by\u0107 mo\u017ce zostanie wykorzystany test kometowy (ang. Comet Assay) pozwalaj\u0105cy oceni\u0107 uszkodzenia DNA powsta\u0142e na skutek substancji toksycznych.<\/p><p>\u00a0<\/p><p><strong>Tortula muralis<\/strong><\/p><p>Grudzie\u0144 2019: Cz\u0142onkowie Planety anga\u017cuj\u0105 si\u0119 ostatnio w nowe projekty naukowe, ale nie zapominajmy o tych, kt\u00f3re rozpocz\u0119li\u015bmy w poprzednich latach. \u00a0Jeszcze przed \u015awi\u0119tami zebrali\u015bmy kolejne pr\u00f3by do naszego mszystego projektu o brodku murowym. Kilkadziesi\u0105t pr\u00f3b pobranych z r\u00f3\u017cnych lokalizacji na terenie \u015al\u0105ska i Zag\u0142\u0119bia czeka teraz na pomiar koncentracji chlorofilu i wybranych metali ci\u0119\u017ckich. \u00a0Projekt ten jest realizowany dzi\u0119ki wsparciu finansowemu Samorz\u0105du Studenckiego Uniwersytetu \u015al\u0105skiego.<\/p><p>\u00a0<\/p>\t\t\t\t\t\t<\/div>\n\t\t\t\t<\/div>\n\t\t\t\t\t<\/div>\n\t\t<\/div>\n\t\t\t\t\t\t\t<\/div>\n\t\t<\/section>\n\t\t\t\t\t<\/div>\n\t\t<\/div>\n\t\t\t\t\t\t\t<\/div>\n\t\t<\/section>\n\t\t\t\t\t\t\t<\/div>\n\t\t","protected":false},"excerpt":{"rendered":"<p>Alien Invasion Na bazie wynik\u00f3w projektu \u201eJungle Fever\u201d powsta\u0142 projekt \u201eAlien Invasion\u201d, w kt\u00f3rym studenci skupiaj\u0105 si\u0119 na badaniu \u201eobcego \u017cycia\u201d w ro\u015blinach, czyli bakterii i grzyb\u00f3w endofitycznych b\u0119d\u0105cych niezb\u0119dn\u0105 cz\u0119\u015bci\u0105 ich egzystencji. Historia Projektu W ramach projektu, studenci zg\u0142\u0119biali swoje zainteresowania w kierunkach: \u015awierszcze Ostatnio nasz\u0105 uwag\u0119 przyku\u0142 \u015bwierszcz. Po\u015bwi\u0119cili\u015bmy wi\u0119c swoj\u0105 uwag\u0119 najpopularniejszej &hellip;<\/p>\n<p class=\"read-more\"> <a class=\"\" href=\"https:\/\/planeta.us.edu.pl\/index.php\/alien-invasion\/\"> <span class=\"screen-reader-text\">Alien Invasion<\/span> Read More &raquo;<\/a><\/p>\n","protected":false},"author":1,"featured_media":0,"parent":0,"menu_order":0,"comment_status":"closed","ping_status":"closed","template":"","meta":{"site-sidebar-layout":"no-sidebar","site-content-layout":"page-builder","ast-global-header-display":"","ast-main-header-display":"","ast-hfb-above-header-display":"","ast-hfb-below-header-display":"","ast-hfb-mobile-header-display":"","site-post-title":"disabled","ast-breadcrumbs-content":"","ast-featured-img":"disabled","footer-sml-layout":"","theme-transparent-header-meta":"","adv-header-id-meta":"","stick-header-meta":"","header-above-stick-meta":"","header-main-stick-meta":"","header-below-stick-meta":"","footnotes":""},"class_list":["post-1866","page","type-page","status-publish","hentry"],"_links":{"self":[{"href":"https:\/\/planeta.us.edu.pl\/index.php\/wp-json\/wp\/v2\/pages\/1866","targetHints":{"allow":["GET"]}}],"collection":[{"href":"https:\/\/planeta.us.edu.pl\/index.php\/wp-json\/wp\/v2\/pages"}],"about":[{"href":"https:\/\/planeta.us.edu.pl\/index.php\/wp-json\/wp\/v2\/types\/page"}],"author":[{"embeddable":true,"href":"https:\/\/planeta.us.edu.pl\/index.php\/wp-json\/wp\/v2\/users\/1"}],"replies":[{"embeddable":true,"href":"https:\/\/planeta.us.edu.pl\/index.php\/wp-json\/wp\/v2\/comments?post=1866"}],"version-history":[{"count":13,"href":"https:\/\/planeta.us.edu.pl\/index.php\/wp-json\/wp\/v2\/pages\/1866\/revisions"}],"predecessor-version":[{"id":2499,"href":"https:\/\/planeta.us.edu.pl\/index.php\/wp-json\/wp\/v2\/pages\/1866\/revisions\/2499"}],"wp:attachment":[{"href":"https:\/\/planeta.us.edu.pl\/index.php\/wp-json\/wp\/v2\/media?parent=1866"}],"curies":[{"name":"wp","href":"https:\/\/api.w.org\/{rel}","templated":true}]}}