{"id":1871,"date":"2022-09-20T10:43:35","date_gmt":"2022-09-20T10:43:35","guid":{"rendered":"https:\/\/planeta.us.edu.pl\/?page_id=1871"},"modified":"2022-09-25T21:21:49","modified_gmt":"2022-09-25T21:21:49","slug":"biowar","status":"publish","type":"page","link":"https:\/\/planeta.us.edu.pl\/index.php\/biowar\/","title":{"rendered":"BioWar"},"content":{"rendered":"\t\t<div data-elementor-type=\"wp-page\" data-elementor-id=\"1871\" class=\"elementor elementor-1871\">\n\t\t\t\t\t\t\t\t\t<section class=\"elementor-section elementor-top-section elementor-element elementor-element-912bf35 elementor-section-boxed elementor-section-height-default elementor-section-height-default\" data-id=\"912bf35\" data-element_type=\"section\">\n\t\t\t\t\t\t<div class=\"elementor-container elementor-column-gap-default\">\n\t\t\t\t\t<div class=\"elementor-column elementor-col-100 elementor-top-column elementor-element elementor-element-3f51629\" data-id=\"3f51629\" data-element_type=\"column\">\n\t\t\t<div class=\"elementor-widget-wrap elementor-element-populated\">\n\t\t\t\t\t\t\t\t<div class=\"elementor-element elementor-element-945f339 elementor-widget elementor-widget-image\" data-id=\"945f339\" data-element_type=\"widget\" data-widget_type=\"image.default\">\n\t\t\t\t<div class=\"elementor-widget-container\">\n\t\t\t<style>\/*! elementor - v3.7.6 - 15-09-2022 *\/\n.elementor-widget-image{text-align:center}.elementor-widget-image a{display:inline-block}.elementor-widget-image a img[src$=\".svg\"]{width:48px}.elementor-widget-image img{vertical-align:middle;display:inline-block}<\/style>\t\t\t\t\t\t\t\t\t\t\t\t<img loading=\"lazy\" decoding=\"async\" width=\"300\" height=\"148\" src=\"https:\/\/planeta.us.edu.pl\/wp-content\/uploads\/2022\/09\/Zrzut-ekranu-2022-09-25-230921-300x148.jpg\" class=\"attachment-medium size-medium\" alt=\"\" srcset=\"https:\/\/planeta.us.edu.pl\/wp-content\/uploads\/2022\/09\/Zrzut-ekranu-2022-09-25-230921-300x148.jpg 300w, https:\/\/planeta.us.edu.pl\/wp-content\/uploads\/2022\/09\/Zrzut-ekranu-2022-09-25-230921.jpg 593w\" sizes=\"auto, (max-width: 300px) 100vw, 300px\" \/>\t\t\t\t\t\t\t\t\t\t\t\t\t\t\t<\/div>\n\t\t\t\t<\/div>\n\t\t\t\t<section class=\"elementor-section elementor-inner-section elementor-element elementor-element-ebc51e3 elementor-section-boxed elementor-section-height-default elementor-section-height-default\" data-id=\"ebc51e3\" data-element_type=\"section\">\n\t\t\t\t\t\t<div class=\"elementor-container elementor-column-gap-no\">\n\t\t\t\t\t<div class=\"elementor-column elementor-col-33 elementor-inner-column elementor-element elementor-element-caa43ea\" data-id=\"caa43ea\" data-element_type=\"column\">\n\t\t\t<div class=\"elementor-widget-wrap elementor-element-populated\">\n\t\t\t\t\t\t\t\t<div class=\"elementor-element elementor-element-4e4a19d elementor-widget elementor-widget-heading\" data-id=\"4e4a19d\" data-element_type=\"widget\" data-widget_type=\"heading.default\">\n\t\t\t\t<div class=\"elementor-widget-container\">\n\t\t\t<style>\/*! elementor - v3.7.6 - 15-09-2022 *\/\n.elementor-heading-title{padding:0;margin:0;line-height:1}.elementor-widget-heading .elementor-heading-title[class*=elementor-size-]>a{color:inherit;font-size:inherit;line-height:inherit}.elementor-widget-heading .elementor-heading-title.elementor-size-small{font-size:15px}.elementor-widget-heading .elementor-heading-title.elementor-size-medium{font-size:19px}.elementor-widget-heading .elementor-heading-title.elementor-size-large{font-size:29px}.elementor-widget-heading .elementor-heading-title.elementor-size-xl{font-size:39px}.elementor-widget-heading .elementor-heading-title.elementor-size-xxl{font-size:59px}<\/style><h1 class=\"elementor-heading-title elementor-size-default\">BioWar<\/h1>\t\t<\/div>\n\t\t\t\t<\/div>\n\t\t\t\t\t<\/div>\n\t\t<\/div>\n\t\t\t\t<div class=\"elementor-column elementor-col-66 elementor-inner-column elementor-element elementor-element-fc22abd\" data-id=\"fc22abd\" data-element_type=\"column\">\n\t\t\t<div class=\"elementor-widget-wrap elementor-element-populated\">\n\t\t\t\t\t\t\t\t<div class=\"elementor-element elementor-element-da46fbf elementor-widget elementor-widget-heading\" data-id=\"da46fbf\" data-element_type=\"widget\" data-widget_type=\"heading.default\">\n\t\t\t\t<div class=\"elementor-widget-container\">\n\t\t\t<h3 class=\"elementor-heading-title elementor-size-default\"><span style=\"color: rgb(73, 75, 81); font-family: Roboto, sans-serif; font-size: 16px; white-space: normal;\">Projekt by\u0142 realizowany we wsp\u00f3\u0142pracy z Browarem ReCraft&nbsp;<\/span><\/h3>\t\t<\/div>\n\t\t\t\t<\/div>\n\t\t\t\t<div class=\"elementor-element elementor-element-41fbad1 elementor-widget elementor-widget-text-editor\" data-id=\"41fbad1\" data-element_type=\"widget\" data-widget_type=\"text-editor.default\">\n\t\t\t\t<div class=\"elementor-widget-container\">\n\t\t\t<style>\/*! elementor - v3.7.6 - 15-09-2022 *\/\n.elementor-widget-text-editor.elementor-drop-cap-view-stacked .elementor-drop-cap{background-color:#818a91;color:#fff}.elementor-widget-text-editor.elementor-drop-cap-view-framed .elementor-drop-cap{color:#818a91;border:3px solid;background-color:transparent}.elementor-widget-text-editor:not(.elementor-drop-cap-view-default) .elementor-drop-cap{margin-top:8px}.elementor-widget-text-editor:not(.elementor-drop-cap-view-default) .elementor-drop-cap-letter{width:1em;height:1em}.elementor-widget-text-editor .elementor-drop-cap{float:left;text-align:center;line-height:1;font-size:50px}.elementor-widget-text-editor .elementor-drop-cap-letter{display:inline-block}<\/style>\t\t\t\t<p>\u201eBioWar\u201d dotyczy\u0142 wykorzystania dro\u017cd\u017cy w biotechnologii \u017cywno\u015bci.<\/p><p>Z wielkim rozmachem realizowany jest tak\u017ce projekt \u201eBiowar\u201d, w kt\u00f3rym grupa student\u00f3w sw\u00f3j wolny czas po\u015bwi\u0119ca izolowaniu i namna\u017caniu dro\u017cd\u017cy browarniczych. Drugim znanym na ca\u0142y uniwersytecie projektem jest BioWar, kt\u00f3ry doprowadzi\u0142 do wyprodukowania uniwersyteckiego piwa \u2013 opowiada Katarzyna Kwieci\u0144ska, przewodnicz\u0105ca ko\u0142a. Pomys\u0142 na projekt BioWar narodzi\u0142 si\u0119 w 2014 roku, gdy dw\u00f3ch \u00f3wczesnych student\u00f3w zastanawia\u0142o si\u0119 nad sposobami izolacji dro\u017cd\u017cy z r\u00f3\u017cnych \u015brodowisk i ich mo\u017cliwym zastosowaniem w przemy\u015ble, m.in. w piwowarstwie. Dwa lata p\u00f3\u017aniej podj\u0119to prace nad tym pomys\u0142em, kt\u00f3ry przerodzi\u0142 si\u0119 w powa\u017cne przedsi\u0119wzi\u0119cie naukowe. Jednym z cel\u00f3w sta\u0142o si\u0119 uwarzenie uniwersyteckiego piwa rzemie\u015blniczego. Idea ta odbi\u0142a si\u0119 szerokim echem w regionie i znalaz\u0142a bardzo du\u017ce wsparcie ze strony r\u00f3\u017cnych przedsi\u0119biorstw, m.in. \u015al\u0105skiego Browaru Rzemie\u015blniczego ReCraft ze \u015awi\u0119toch\u0142owic czy firmy ZFM, dzi\u0119ki kt\u00f3rej powsta\u0142 prototyp bioreaktora umo\u017cliwiaj\u0105cego uzyskanie potrzebnej biomasy dro\u017cd\u017cy.<\/p><p>Przebieg projektu, czas trwania.<\/p><p>Koordynator projektu, pomys\u0142odawca, cz\u0142onkowie, opiekun naukowy.<\/p>\t\t\t\t\t\t<\/div>\n\t\t\t\t<\/div>\n\t\t\t\t\t<\/div>\n\t\t<\/div>\n\t\t\t\t\t\t\t<\/div>\n\t\t<\/section>\n\t\t\t\t\t<\/div>\n\t\t<\/div>\n\t\t\t\t\t\t\t<\/div>\n\t\t<\/section>\n\t\t\t\t<section class=\"elementor-section elementor-top-section elementor-element elementor-element-03a9136 elementor-section-boxed elementor-section-height-default elementor-section-height-default\" data-id=\"03a9136\" data-element_type=\"section\">\n\t\t\t\t\t\t<div class=\"elementor-container elementor-column-gap-default\">\n\t\t\t\t\t<div class=\"elementor-column elementor-col-50 elementor-top-column elementor-element elementor-element-b357755\" data-id=\"b357755\" data-element_type=\"column\">\n\t\t\t<div class=\"elementor-widget-wrap elementor-element-populated\">\n\t\t\t\t\t\t\t\t<div class=\"elementor-element elementor-element-b05097c elementor-widget elementor-widget-image\" data-id=\"b05097c\" data-element_type=\"widget\" data-widget_type=\"image.default\">\n\t\t\t\t<div class=\"elementor-widget-container\">\n\t\t\t\t\t\t\t\t\t\t\t\t\t\t\t<img loading=\"lazy\" decoding=\"async\" width=\"1024\" height=\"682\" src=\"https:\/\/planeta.us.edu.pl\/wp-content\/uploads\/2022\/09\/14590159_10153988480233461_3393719116677583780_o-1024x682.jpg\" class=\"attachment-large size-large\" alt=\"\" srcset=\"https:\/\/planeta.us.edu.pl\/wp-content\/uploads\/2022\/09\/14590159_10153988480233461_3393719116677583780_o-1024x682.jpg 1024w, https:\/\/planeta.us.edu.pl\/wp-content\/uploads\/2022\/09\/14590159_10153988480233461_3393719116677583780_o-768x512.jpg 768w\" sizes=\"auto, (max-width: 1024px) 100vw, 1024px\" \/>\t\t\t\t\t\t\t\t\t\t\t\t\t\t\t<\/div>\n\t\t\t\t<\/div>\n\t\t\t\t\t<\/div>\n\t\t<\/div>\n\t\t\t\t<div class=\"elementor-column elementor-col-50 elementor-top-column elementor-element elementor-element-71f12fb\" data-id=\"71f12fb\" data-element_type=\"column\">\n\t\t\t<div class=\"elementor-widget-wrap elementor-element-populated\">\n\t\t\t\t\t\t\t\t<div class=\"elementor-element elementor-element-9307b37 elementor-widget elementor-widget-image\" data-id=\"9307b37\" data-element_type=\"widget\" data-widget_type=\"image.default\">\n\t\t\t\t<div class=\"elementor-widget-container\">\n\t\t\t\t\t\t\t\t\t\t\t\t\t\t\t<img loading=\"lazy\" decoding=\"async\" width=\"722\" height=\"670\" src=\"https:\/\/planeta.us.edu.pl\/wp-content\/uploads\/2022\/09\/biowar-czlonkowie-projektu-2020-fot.-grzegorz-adamek-patrycja-pawlowska.jpg\" class=\"attachment-large size-large\" alt=\"\" srcset=\"https:\/\/planeta.us.edu.pl\/wp-content\/uploads\/2022\/09\/biowar-czlonkowie-projektu-2020-fot.-grzegorz-adamek-patrycja-pawlowska.jpg 722w, https:\/\/planeta.us.edu.pl\/wp-content\/uploads\/2022\/09\/biowar-czlonkowie-projektu-2020-fot.-grzegorz-adamek-patrycja-pawlowska-300x278.jpg 300w\" sizes=\"auto, (max-width: 722px) 100vw, 722px\" \/>\t\t\t\t\t\t\t\t\t\t\t\t\t\t\t<\/div>\n\t\t\t\t<\/div>\n\t\t\t\t\t<\/div>\n\t\t<\/div>\n\t\t\t\t\t\t\t<\/div>\n\t\t<\/section>\n\t\t\t\t<section class=\"elementor-section elementor-top-section elementor-element elementor-element-5a0cjsq elementor-section-boxed elementor-section-height-default elementor-section-height-default\" data-id=\"5a0cjsq\" data-element_type=\"section\" data-settings=\"{&quot;background_background&quot;:&quot;classic&quot;}\">\n\t\t\t\t\t\t<div class=\"elementor-container elementor-column-gap-no\">\n\t\t\t\t\t<div class=\"elementor-column elementor-col-100 elementor-top-column elementor-element elementor-element-3700ce5\" data-id=\"3700ce5\" data-element_type=\"column\">\n\t\t\t<div class=\"elementor-widget-wrap elementor-element-populated\">\n\t\t\t\t\t\t\t\t<section class=\"elementor-section elementor-inner-section elementor-element elementor-element-55b0cc5 elementor-section-boxed elementor-section-height-default elementor-section-height-default\" data-id=\"55b0cc5\" data-element_type=\"section\">\n\t\t\t\t\t\t<div class=\"elementor-container elementor-column-gap-no\">\n\t\t\t\t\t<div class=\"elementor-column elementor-col-33 elementor-inner-column elementor-element elementor-element-e7a22fd\" data-id=\"e7a22fd\" data-element_type=\"column\">\n\t\t\t<div class=\"elementor-widget-wrap elementor-element-populated\">\n\t\t\t\t\t\t\t\t<div class=\"elementor-element elementor-element-843a15a elementor-widget elementor-widget-heading\" data-id=\"843a15a\" data-element_type=\"widget\" data-widget_type=\"heading.default\">\n\t\t\t\t<div class=\"elementor-widget-container\">\n\t\t\t<h6 class=\"elementor-heading-title elementor-size-default\">Historia projektu<\/h6>\t\t<\/div>\n\t\t\t\t<\/div>\n\t\t\t\t\t<\/div>\n\t\t<\/div>\n\t\t\t\t<div class=\"elementor-column elementor-col-66 elementor-inner-column elementor-element elementor-element-c1e118e\" data-id=\"c1e118e\" data-element_type=\"column\">\n\t\t\t<div class=\"elementor-widget-wrap elementor-element-populated\">\n\t\t\t\t\t\t\t\t<div class=\"elementor-element elementor-element-600e890 elementor-widget elementor-widget-text-editor\" data-id=\"600e890\" data-element_type=\"widget\" data-widget_type=\"text-editor.default\">\n\t\t\t\t<div class=\"elementor-widget-container\">\n\t\t\t\t\t\t\t<p>Sukces ma wielu ojc\u00f3w. Tak te\u017c jest w przypadku projektu \u201eBioWar\u201d, kt\u00f3ry uzyskiwa\u0142 akceptacj\u0119<br \/>kolejnych struktur uniwersyteckich \u2013 od Katedry Mikrobiologii i Samorz\u0105du Studenckiego poczynaj\u0105c, poprzez<br \/>w\u0142adze dzieka\u0144skie Wydzia\u0142u Biologii i Ochrony \u015arodowiska i w\u0142adze rektorskie Uniwersytetu \u015al\u0105skiego,<br \/>poprzedniej i obecnej kadencji.<br \/>Pomys\u0142 projektu \u201eBioWar\u201d narodzi\u0142 si\u0119 dwa lata temu, gdy \u00f3wcze\u015bni studenci Micha\u0142 Krzy\u017cowski<br \/>i Aleksander Stefaniuk zastanawiali si\u0119 nad sposobami izolacji dro\u017cd\u017cy z r\u00f3\u017cnych \u015brodowisk i ich mo\u017cliwym<br \/>zastosowaniem w przemy\u015ble, w tym piwowarstwie. Z uwagi na to, \u017ce by\u0142 to ich ostatni rok studi\u00f3w, rozpocz\u0119cie<br \/>nowych projekt\u00f3w naukowych chwilowo zawieszono. Pomys\u0142 wr\u00f3ci\u0142 po roku, gdy Micha\u0142, ju\u017c jako student<br \/>studi\u00f3w doktoranckich, wraz z Henrym Shelonzkiem, Patrykiem Rurk\u0105, Szymonem Mazurem i innymi studentami<br \/>biotechnologii pod opiek\u0105 naukow\u0105 doktora S\u0142awomira Su\u0142owicza i magistra S\u0142awomira Borymskiego rozpocz\u0119li<br \/>prace w ramach sekcji mikrobiologicznej Ko\u0142a Naukowego \u201ePlaneta\u201d. Projekt obejmowa\u0142 izolacj\u0119 dro\u017cd\u017cy<br \/>z owoc\u00f3w, m.in. z jab\u0142ek i ich charakterystyk\u0119 pod k\u0105tem potencjalnego wykorzystania w przemy\u015ble, w tym<br \/>w browarnictwie. Z pocz\u0105tkowej puli kilkudziesi\u0119ciu izolat\u00f3w po analizach mikroskopowych, ocenie profili<br \/>rozk\u0142adu cukr\u00f3w i testach fermentacyjnych w skali mini wybrano 3 najbardziej obiecuj\u0105ce szczepy dro\u017cd\u017cy do<br \/>przeprowadzenia ostatecznego testu, kt\u00f3rym by\u0142o warzenie piwa domowego.<br \/>W tym miejscu z pomoc\u0105 przyszed\u0142 browar ReCraft, w kt\u00f3rym browarnikiem zosta\u0142 wcze\u015bniej<br \/>wspomniany Aleksander Stefaniuk. W ramach wsp\u00f3\u0142pracy browar przekaza\u0142 nam cz\u0119\u015b\u0107 \u015bwie\u017cych sk\u0142adnik\u00f3w<br \/>niezb\u0119dnych do warzenia piwa oraz pomaga\u0142 w rozwi\u0105zywaniu pojawiaj\u0105cych si\u0119 problem\u00f3w. Projekt spotka\u0142<br \/>si\u0119 tak\u017ce z du\u017cym zainteresowaniem Polskiego Stowarzyszenia Piwowar\u00f3w Domowych, kt\u00f3rego cz\u0142onkowie nie<br \/>szcz\u0119dzili serdecznych porad i dopingowali do dalszej pracy. Ogromnym wsparciem byli tak\u017ce pracownicy<br \/>Wydzia\u0142u Biologii i Ochrony \u015arodowiska oraz Rektoratu, kt\u00f3rzy pomagali i \u017cyczliwie wspierali ambicje<br \/>rozrastaj\u0105cego si\u0119 projektu BioWar.<br \/>Jednym z cel\u00f3w sta\u0142o si\u0119 uwarzenie piwa rzemie\u015blniczego w wykorzystaniem dro\u017cd\u017cy wyizolowanych<br \/>w ramach prac zespo\u0142u. Do namno\u017cenia wi\u0119kszej ilo\u015bci dro\u017cd\u017cy, kt\u00f3re s\u0105 niezb\u0119dne do rozpocz\u0119cia procesu<br \/>warzenia piwa w browarze, potrzebny by\u0142 specjalistyczny sprz\u0119t. Z pomoc\u0105 przysz\u0142a firma ZFM, przy wsp\u00f3\u0142pracy<br \/>z kt\u00f3r\u0105 powsta\u0142 prototyp bioreaktora, kt\u00f3ry umo\u017cliwi\u0142 uzyskanie potrzebnej biomasy dro\u017cd\u017cy. Jego zakup<br \/>finansowany by\u0142 m.in. Rektora U\u015a, Samorz\u0105d Studencki U\u015a, Centrum Obs\u0142ugi Student\u00f3w U\u015a, firm\u0119 ZFM i osoby<br \/>prywatne oraz administracyjnie przez Centrum ds. Projekt\u00f3w i Wsp\u00f3\u0142pracy z Gospodark\u0105 U\u015a.<br \/>Potencja\u0142 trzech wspomnianych wcze\u015bniej szczep\u00f3w dro\u017cd\u017cy, wykorzystanych do uwarzenia warek<br \/>domowych, oceniany by\u0142 podczas seminarium BioWaru w zaprzyja\u017anionym multitapie. Wybrany przez<br \/>konsument\u00f3w najlepszy szczep nr 17 zosta\u0142 namno\u017cony w bioreaktorze i przekazany browarowi ReCraft, kt\u00f3ry<br \/>uwarzy\u0142 nasze piwo. W ten spos\u00f3b osi\u0105gni\u0119to jeden z ambicjonalnych cel\u00f3w projektu.<br \/>Uwarzenie piwa rzemie\u015blniczego BioWar to tylko jedno z wielu osi\u0105gni\u0119\u0107 zespo\u0142u studenckiego<br \/>\u201eBioWar\u201d. Ponadto efektem jego dzia\u0142alno\u015bci jest m.in. opracowanie procedur izolacji i charakterystyki dro\u017cd\u017cy<br \/>ze \u015brodowiska o potencjale do wykorzystania w przemy\u015ble, udzia\u0142 w powstaniu bioreaktora, wsp\u00f3\u0142praca<br \/>z Polskim Stowarzyszeniem Piwowar\u00f3w Domowych, np. w trakcie pokaz\u00f3w popularnonaukowych na Festiwalu<br \/>Nauki czy udzia\u0142 w konferencji naukowej i Studenckim Projekcie Roku PZU. Projekt BioWar w ci\u0105gu roku sta\u0142 si\u0119<br \/>znakomitym przyk\u0142adem wsp\u00f3\u0142pracy Uniwersytetu z gospodark\u0105 oraz dowodem wsparcia studenckiej<br \/>kreatywno\u015bci przez w\u0142adze uczelni.<\/p>\t\t\t\t\t\t<\/div>\n\t\t\t\t<\/div>\n\t\t\t\t\t<\/div>\n\t\t<\/div>\n\t\t\t\t\t\t\t<\/div>\n\t\t<\/section>\n\t\t\t\t\t<\/div>\n\t\t<\/div>\n\t\t\t\t\t\t\t<\/div>\n\t\t<\/section>\n\t\t\t\t\t\t\t<\/div>\n\t\t","protected":false},"excerpt":{"rendered":"<p>BioWar Projekt by\u0142 realizowany we wsp\u00f3\u0142pracy z Browarem ReCraft&nbsp; \u201eBioWar\u201d dotyczy\u0142 wykorzystania dro\u017cd\u017cy w biotechnologii \u017cywno\u015bci. Z wielkim rozmachem realizowany jest tak\u017ce projekt \u201eBiowar\u201d, w kt\u00f3rym grupa student\u00f3w sw\u00f3j wolny czas po\u015bwi\u0119ca izolowaniu i namna\u017caniu dro\u017cd\u017cy browarniczych. Drugim znanym na ca\u0142y uniwersytecie projektem jest BioWar, kt\u00f3ry doprowadzi\u0142 do wyprodukowania uniwersyteckiego piwa \u2013 opowiada Katarzyna Kwieci\u0144ska, &hellip;<\/p>\n<p class=\"read-more\"> <a class=\"\" href=\"https:\/\/planeta.us.edu.pl\/index.php\/biowar\/\"> <span class=\"screen-reader-text\">BioWar<\/span> Read More &raquo;<\/a><\/p>\n","protected":false},"author":1,"featured_media":0,"parent":0,"menu_order":0,"comment_status":"closed","ping_status":"closed","template":"","meta":{"site-sidebar-layout":"no-sidebar","site-content-layout":"page-builder","ast-global-header-display":"","ast-main-header-display":"","ast-hfb-above-header-display":"","ast-hfb-below-header-display":"","ast-hfb-mobile-header-display":"","site-post-title":"disabled","ast-breadcrumbs-content":"","ast-featured-img":"disabled","footer-sml-layout":"","theme-transparent-header-meta":"","adv-header-id-meta":"","stick-header-meta":"","header-above-stick-meta":"","header-main-stick-meta":"","header-below-stick-meta":"","footnotes":""},"class_list":["post-1871","page","type-page","status-publish","hentry"],"_links":{"self":[{"href":"https:\/\/planeta.us.edu.pl\/index.php\/wp-json\/wp\/v2\/pages\/1871","targetHints":{"allow":["GET"]}}],"collection":[{"href":"https:\/\/planeta.us.edu.pl\/index.php\/wp-json\/wp\/v2\/pages"}],"about":[{"href":"https:\/\/planeta.us.edu.pl\/index.php\/wp-json\/wp\/v2\/types\/page"}],"author":[{"embeddable":true,"href":"https:\/\/planeta.us.edu.pl\/index.php\/wp-json\/wp\/v2\/users\/1"}],"replies":[{"embeddable":true,"href":"https:\/\/planeta.us.edu.pl\/index.php\/wp-json\/wp\/v2\/comments?post=1871"}],"version-history":[{"count":37,"href":"https:\/\/planeta.us.edu.pl\/index.php\/wp-json\/wp\/v2\/pages\/1871\/revisions"}],"predecessor-version":[{"id":1993,"href":"https:\/\/planeta.us.edu.pl\/index.php\/wp-json\/wp\/v2\/pages\/1871\/revisions\/1993"}],"wp:attachment":[{"href":"https:\/\/planeta.us.edu.pl\/index.php\/wp-json\/wp\/v2\/media?parent=1871"}],"curies":[{"name":"wp","href":"https:\/\/api.w.org\/{rel}","templated":true}]}}