{"id":2128,"date":"2022-09-26T14:52:20","date_gmt":"2022-09-26T14:52:20","guid":{"rendered":"https:\/\/planeta.us.edu.pl\/?page_id=2128"},"modified":"2022-10-19T10:21:45","modified_gmt":"2022-10-19T10:21:45","slug":"od-pomyslu-do-projektu","status":"publish","type":"page","link":"https:\/\/planeta.us.edu.pl\/index.php\/od-pomyslu-do-projektu\/","title":{"rendered":"Od pomys\u0142u do projektu"},"content":{"rendered":"\t\t<div data-elementor-type=\"wp-page\" data-elementor-id=\"2128\" class=\"elementor elementor-2128\">\n\t\t\t\t\t\t\t\t\t<section class=\"elementor-section elementor-top-section elementor-element elementor-element-4109e15 elementor-section-boxed elementor-section-height-default elementor-section-height-default\" data-id=\"4109e15\" data-element_type=\"section\">\n\t\t\t\t\t\t<div class=\"elementor-container elementor-column-gap-default\">\n\t\t\t\t\t<div class=\"elementor-column elementor-col-100 elementor-top-column elementor-element elementor-element-91c4330\" data-id=\"91c4330\" data-element_type=\"column\">\n\t\t\t<div class=\"elementor-widget-wrap\">\n\t\t\t\t\t\t\t\t\t<\/div>\n\t\t<\/div>\n\t\t\t\t\t\t\t<\/div>\n\t\t<\/section>\n\t\t\t\t<section class=\"elementor-section elementor-top-section elementor-element elementor-element-0660ff0 elementor-section-boxed elementor-section-height-default elementor-section-height-default\" data-id=\"0660ff0\" data-element_type=\"section\">\n\t\t\t\t\t\t<div class=\"elementor-container elementor-column-gap-default\">\n\t\t\t\t\t<div class=\"elementor-column elementor-col-100 elementor-top-column elementor-element elementor-element-a267288\" data-id=\"a267288\" data-element_type=\"column\">\n\t\t\t<div class=\"elementor-widget-wrap elementor-element-populated\">\n\t\t\t\t\t\t\t\t<div class=\"elementor-element elementor-element-aef926e elementor-widget elementor-widget-text-editor\" data-id=\"aef926e\" data-element_type=\"widget\" data-widget_type=\"text-editor.default\">\n\t\t\t\t<div class=\"elementor-widget-container\">\n\t\t\t<style>\/*! elementor - v3.7.6 - 15-09-2022 *\/\n.elementor-widget-text-editor.elementor-drop-cap-view-stacked .elementor-drop-cap{background-color:#818a91;color:#fff}.elementor-widget-text-editor.elementor-drop-cap-view-framed .elementor-drop-cap{color:#818a91;border:3px solid;background-color:transparent}.elementor-widget-text-editor:not(.elementor-drop-cap-view-default) .elementor-drop-cap{margin-top:8px}.elementor-widget-text-editor:not(.elementor-drop-cap-view-default) .elementor-drop-cap-letter{width:1em;height:1em}.elementor-widget-text-editor .elementor-drop-cap{float:left;text-align:center;line-height:1;font-size:50px}.elementor-widget-text-editor .elementor-drop-cap-letter{display:inline-block}<\/style>\t\t\t\t<p>Przygotujemy formularz z rubryczkami do wype\u0142nienia, aby u\u0142atwi\u0142 podgl\u0105d na to jak przygotowuje si\u0119 projekty, oraz aby w szybki spos\u00f3b zapozna\u0107 Nas z pomys\u0142em na projekt i pom\u00f3c wdro\u017cy\u0107 go \u017cycie \ud83d\ude42 jednak to w przysz\u0142o\u015bci<\/p><p>A na ten moment udost\u0119pniamy Wam pytania, kt\u00f3re mog\u0105 Wam pom\u00f3c przy planowaniu projektu:<\/p><p>1. O czym<\/p><p>2. Po co chcesz to robi\u0107? jaki jest cel badawczy?<\/p><p>3. Ile czasu zajmie projekt?\u00a0<\/p><p>3.1. Ile os\u00f3b we\u017amie udzia\u0142 w projekcie?<\/p><p>4. Na jakie etapy dzieli si\u0119 projekt? opisz tre\u015bciwie (etap wst\u0119pny &#8211; przygotowanie teoretyczne, merytoryczne, rozeznanie finansowa\u0144, z\u0142o\u017cenie wniosku, rozplanowanie dzia\u0142a\u0144, wst\u0119pne badania, badania g\u0142\u00f3wne, analiza, podsumowanie, napisanie raportu, rozliczenie finansowania, napisanie artyku\u0142u, recenzja, wys\u0142anie od publikacji, zako\u0144czenie projektu)<\/p><p>5. Rozpisz planowane etapy projektu (to co w punkcie 4. tylko z opisem szczeg\u00f3\u0142owym \ud83d\ude42 )<\/p><p>\u00a0<\/p>\t\t\t\t\t\t<\/div>\n\t\t\t\t<\/div>\n\t\t\t\t\t<\/div>\n\t\t<\/div>\n\t\t\t\t\t\t\t<\/div>\n\t\t<\/section>\n\t\t\t\t\t\t\t<\/div>\n\t\t","protected":false},"excerpt":{"rendered":"<p>Przygotujemy formularz z rubryczkami do wype\u0142nienia, aby u\u0142atwi\u0142 podgl\u0105d na to jak przygotowuje si\u0119 projekty, oraz aby w szybki spos\u00f3b zapozna\u0107 Nas z pomys\u0142em na projekt i pom\u00f3c wdro\u017cy\u0107 go \u017cycie \ud83d\ude42 jednak to w przysz\u0142o\u015bci A na ten moment udost\u0119pniamy Wam pytania, kt\u00f3re mog\u0105 Wam pom\u00f3c przy planowaniu projektu: 1. O czym 2. Po &hellip;<\/p>\n<p class=\"read-more\"> <a class=\"\" href=\"https:\/\/planeta.us.edu.pl\/index.php\/od-pomyslu-do-projektu\/\"> <span class=\"screen-reader-text\">Od pomys\u0142u do projektu<\/span> Read More &raquo;<\/a><\/p>\n","protected":false},"author":1,"featured_media":0,"parent":0,"menu_order":0,"comment_status":"closed","ping_status":"closed","template":"","meta":{"site-sidebar-layout":"no-sidebar","site-content-layout":"page-builder","ast-global-header-display":"","ast-main-header-display":"","ast-hfb-above-header-display":"","ast-hfb-below-header-display":"","ast-hfb-mobile-header-display":"","site-post-title":"disabled","ast-breadcrumbs-content":"","ast-featured-img":"disabled","footer-sml-layout":"","theme-transparent-header-meta":"","adv-header-id-meta":"","stick-header-meta":"","header-above-stick-meta":"","header-main-stick-meta":"","header-below-stick-meta":"","footnotes":""},"class_list":["post-2128","page","type-page","status-publish","hentry"],"_links":{"self":[{"href":"https:\/\/planeta.us.edu.pl\/index.php\/wp-json\/wp\/v2\/pages\/2128","targetHints":{"allow":["GET"]}}],"collection":[{"href":"https:\/\/planeta.us.edu.pl\/index.php\/wp-json\/wp\/v2\/pages"}],"about":[{"href":"https:\/\/planeta.us.edu.pl\/index.php\/wp-json\/wp\/v2\/types\/page"}],"author":[{"embeddable":true,"href":"https:\/\/planeta.us.edu.pl\/index.php\/wp-json\/wp\/v2\/users\/1"}],"replies":[{"embeddable":true,"href":"https:\/\/planeta.us.edu.pl\/index.php\/wp-json\/wp\/v2\/comments?post=2128"}],"version-history":[{"count":13,"href":"https:\/\/planeta.us.edu.pl\/index.php\/wp-json\/wp\/v2\/pages\/2128\/revisions"}],"predecessor-version":[{"id":2484,"href":"https:\/\/planeta.us.edu.pl\/index.php\/wp-json\/wp\/v2\/pages\/2128\/revisions\/2484"}],"wp:attachment":[{"href":"https:\/\/planeta.us.edu.pl\/index.php\/wp-json\/wp\/v2\/media?parent=2128"}],"curies":[{"name":"wp","href":"https:\/\/api.w.org\/{rel}","templated":true}]}}